{"id":2445,"date":"2022-02-24T05:03:32","date_gmt":"2022-02-24T05:03:32","guid":{"rendered":"https:\/\/sesameparaguay.com\/chi-siamo\/"},"modified":"2024-06-21T13:36:19","modified_gmt":"2024-06-21T13:36:19","slug":"chi-siamo","status":"publish","type":"page","link":"https:\/\/sesameparaguay.com\/it\/chi-siamo\/","title":{"rendered":"Chi siamo"},"content":{"rendered":"\n<div class=\"wp-block-uagb-container uagb-block-47366506 alignfull uagb-is-root-container\"><div class=\"uagb-container-inner-blocks-wrap\">\n<div class=\"wp-block-uagb-advanced-heading uagb-block-d97bb5be\"><h2 class=\"uagb-heading-text\"><strong>ABBRACCIARE L&#8217;ESSENZA DEL SESAMO PARAGUAIANO: UNA STORIA DI ECCELLENZA<\/strong><\/h2><\/div>\n\n\n\n<p><\/p>\n\n\n\n<p><strong>Informazioni su SesamoParaguay.com<\/strong><\/p>\n\n\n\n<p>Sin dalla sua fondazione nel 2000, SesameParaguay.com \u00e8 emerso come uno dei principali esportatori di semi di sesamo di qualit\u00e0 superiore provenienti dal cuore del Paraguay. Il nostro impegno per l&#8217;eccellenza si estende ai consumatori attenti alla salute in Europa, negli Stati Uniti e in vari mercati globali.<\/p>\n\n\n\n<p><strong>La nostra storia<\/strong><\/p>\n\n\n\n<p>Noi di SesameParaguay.com ci impegniamo a fornire i migliori semi di sesamo coltivati biologicamente. La nostra costante etica si concentra sulla qualit\u00e0, assicurando che ogni lotto che spediamo incarni l&#8217;intero spettro dei benefici nutrizionali insiti nei semi di sesamo. Questi includono alti livelli di acidi grassi omega-3, abbondanti fibre alimentari e una ricca serie di minerali essenziali. Coltivati secondo pratiche agricole eco-compatibili, i nostri semi di sesamo mantengono la loro naturale purezza e autenticit\u00e0.<\/p>\n\n\n\n<p><strong>Il vantaggio del Paraguay<\/strong><\/p>\n\n\n\n<p>Le condizioni climatiche uniche del Paraguay e il terreno fertile creano un ambiente ideale per la coltivazione di squisiti semi di sesamo. Grazie a una selezione meticolosa, offriamo solo i semi migliori, riconosciuti per il loro valore nutrizionale superiore e il loro sapore particolare. Come integratore nutriente di una dieta sana o come ingrediente dinamico di creazioni culinarie, i nostri semi di sesamo aggiungono genuinit\u00e0 a ogni piatto.<\/p>\n\n\n\n<p><strong>La nostra distinzione<\/strong><\/p>\n\n\n\n<p>Ci\u00f2 che contraddistingue SesameParaguay.com \u00e8 il nostro impegno costante per la sostenibilit\u00e0 e la qualit\u00e0. Rigorosi protocolli di garanzia della qualit\u00e0 assicurano che i nostri semi di sesamo superino gli standard internazionali. Non solo sono densi dal punto di vista nutrizionale, ma eccellono anche nel gusto e nella consistenza, elevandosi al di sopra degli altri concorrenti del mercato.  <\/p>\n\n\n\n<p>Celebrando con orgoglio la nostra eredit\u00e0 paraguaiana, siamo gli unici produttori ed esportatori al mondo di semi di sesamo confitero (raccolti a mano) e meccanizzati (raccolti a macchina). Il nostro impegno per la qualit\u00e0 e l&#8217;eccellenza ci distingue come leader in questo settore. Scopri le eccezionali offerte di SesameParaguay.com e migliora la tua dieta con semi di sesamo di prima qualit\u00e0, coltivati direttamente nei rigogliosi paesaggi del Sud America.<\/p>\n\n\n\n<p><\/p>\n\n\n\n<p><\/p>\n<\/div><\/div>\n","protected":false},"excerpt":{"rendered":"<p>ABBRACCIARE L&#8217;ESSENZA DEL SESAMO PARAGUAIANO: UNA STORIA DI ECCELLENZA Informazioni su SesamoParaguay.com Sin dalla sua fondazione nel 2000, SesameParaguay.com \u00e8 emerso come uno dei principali esportatori di semi di sesamo di qualit\u00e0 superiore provenienti dal cuore del Paraguay. Il nostro impegno per l&#8217;eccellenza si estende ai consumatori attenti alla salute in Europa, negli Stati Uniti &hellip;<\/p>\n<p class=\"read-more\"> <a class=\"\" href=\"https:\/\/sesameparaguay.com\/it\/chi-siamo\/\"> <span class=\"screen-reader-text\">Chi siamo<\/span> Leggi tutto \u00bb<\/a><\/p>\n","protected":false},"author":1,"featured_media":0,"parent":0,"menu_order":0,"comment_status":"closed","ping_status":"closed","template":"","meta":{"_uag_custom_page_level_css":"","_sitemap_exclude":false,"_sitemap_priority":"","_sitemap_frequency":"","site-sidebar-layout":"no-sidebar","site-content-layout":"page-builder","ast-global-header-display":"","ast-main-header-display":"","ast-hfb-above-header-display":"","ast-hfb-below-header-display":"","ast-hfb-mobile-header-display":"","site-post-title":"disabled","ast-breadcrumbs-content":"","ast-featured-img":"disabled","footer-sml-layout":"","theme-transparent-header-meta":"enabled","adv-header-id-meta":"","stick-header-meta":"","header-above-stick-meta":"","header-main-stick-meta":"","header-below-stick-meta":"","footnotes":""},"class_list":["post-2445","page","type-page","status-publish","hentry"],"yoast_head":"<!-- This site is optimized with the Yoast SEO plugin v27.2 - https:\/\/yoast.com\/product\/yoast-seo-wordpress\/ -->\n<title>Chi siamo - SesameParaguay.com<\/title>\n<meta name=\"robots\" content=\"index, follow, max-snippet:-1, max-image-preview:large, max-video-preview:-1\" \/>\n<link rel=\"canonical\" href=\"https:\/\/sesameparaguay.com\/it\/chi-siamo\/\" \/>\n<meta property=\"og:locale\" content=\"it_IT\" \/>\n<meta property=\"og:type\" content=\"article\" \/>\n<meta property=\"og:title\" content=\"Chi siamo - SesameParaguay.com\" \/>\n<meta property=\"og:description\" content=\"ABBRACCIARE L&#8217;ESSENZA DEL SESAMO PARAGUAIANO: UNA STORIA DI ECCELLENZA Informazioni su SesamoParaguay.com Sin dalla sua fondazione nel 2000, SesameParaguay.com \u00e8 emerso come uno dei principali esportatori di semi di sesamo di qualit\u00e0 superiore provenienti dal cuore del Paraguay. Il nostro impegno per l&#8217;eccellenza si estende ai consumatori attenti alla salute in Europa, negli Stati Uniti &hellip; Chi siamo Leggi tutto \u00bb\" \/>\n<meta property=\"og:url\" content=\"https:\/\/sesameparaguay.com\/it\/chi-siamo\/\" \/>\n<meta property=\"og:site_name\" content=\"SesameParaguay.com\" \/>\n<meta property=\"article:publisher\" content=\"https:\/\/www.facebook.com\/quebrachoexport\" \/>\n<meta property=\"article:modified_time\" content=\"2024-06-21T13:36:19+00:00\" \/>\n<meta name=\"twitter:card\" content=\"summary_large_image\" \/>\n<meta name=\"twitter:label1\" content=\"Tempo di lettura stimato\" \/>\n\t<meta name=\"twitter:data1\" content=\"2 minuti\" \/>\n<script type=\"application\/ld+json\" class=\"yoast-schema-graph\">{\"@context\":\"https:\/\/schema.org\",\"@graph\":[{\"@type\":\"WebPage\",\"@id\":\"https:\/\/sesameparaguay.com\/it\/chi-siamo\/\",\"url\":\"https:\/\/sesameparaguay.com\/it\/chi-siamo\/\",\"name\":\"Chi siamo - SesameParaguay.com\",\"isPartOf\":{\"@id\":\"https:\/\/sesameparaguay.com\/it\/#website\"},\"datePublished\":\"2022-02-24T05:03:32+00:00\",\"dateModified\":\"2024-06-21T13:36:19+00:00\",\"breadcrumb\":{\"@id\":\"https:\/\/sesameparaguay.com\/it\/chi-siamo\/#breadcrumb\"},\"inLanguage\":\"it-IT\",\"potentialAction\":[{\"@type\":\"ReadAction\",\"target\":[\"https:\/\/sesameparaguay.com\/it\/chi-siamo\/\"]}]},{\"@type\":\"BreadcrumbList\",\"@id\":\"https:\/\/sesameparaguay.com\/it\/chi-siamo\/#breadcrumb\",\"itemListElement\":[{\"@type\":\"ListItem\",\"position\":1,\"name\":\"Home\",\"item\":\"https:\/\/sesameparaguay.com\/it\/\"},{\"@type\":\"ListItem\",\"position\":2,\"name\":\"Chi siamo\"}]},{\"@type\":\"WebSite\",\"@id\":\"https:\/\/sesameparaguay.com\/it\/#website\",\"url\":\"https:\/\/sesameparaguay.com\/it\/\",\"name\":\"SesameParaguay.com\",\"description\":\"Superior Sesame Seeds from Paraguay\",\"publisher\":{\"@id\":\"https:\/\/sesameparaguay.com\/it\/#organization\"},\"potentialAction\":[{\"@type\":\"SearchAction\",\"target\":{\"@type\":\"EntryPoint\",\"urlTemplate\":\"https:\/\/sesameparaguay.com\/it\/?s={search_term_string}\"},\"query-input\":{\"@type\":\"PropertyValueSpecification\",\"valueRequired\":true,\"valueName\":\"search_term_string\"}}],\"inLanguage\":\"it-IT\"},{\"@type\":\"Organization\",\"@id\":\"https:\/\/sesameparaguay.com\/it\/#organization\",\"name\":\"SesameParaguay.com\",\"url\":\"https:\/\/sesameparaguay.com\/it\/\",\"logo\":{\"@type\":\"ImageObject\",\"inLanguage\":\"it-IT\",\"@id\":\"https:\/\/sesameparaguay.com\/it\/#\/schema\/logo\/image\/\",\"url\":\"https:\/\/sesameparaguay.com\/wp-content\/uploads\/2024\/06\/cropped-sesame-seeds-paraguay-logo.png\",\"contentUrl\":\"https:\/\/sesameparaguay.com\/wp-content\/uploads\/2024\/06\/cropped-sesame-seeds-paraguay-logo.png\",\"width\":300,\"height\":126,\"caption\":\"SesameParaguay.com\"},\"image\":{\"@id\":\"https:\/\/sesameparaguay.com\/it\/#\/schema\/logo\/image\/\"},\"sameAs\":[\"https:\/\/www.facebook.com\/quebrachoexport\",\"https:\/\/www.linkedin.com\/company\/93223467\"]}]}<\/script>\n<!-- \/ Yoast SEO plugin. -->","yoast_head_json":{"title":"Chi siamo - SesameParaguay.com","robots":{"index":"index","follow":"follow","max-snippet":"max-snippet:-1","max-image-preview":"max-image-preview:large","max-video-preview":"max-video-preview:-1"},"canonical":"https:\/\/sesameparaguay.com\/it\/chi-siamo\/","og_locale":"it_IT","og_type":"article","og_title":"Chi siamo - SesameParaguay.com","og_description":"ABBRACCIARE L&#8217;ESSENZA DEL SESAMO PARAGUAIANO: UNA STORIA DI ECCELLENZA Informazioni su SesamoParaguay.com Sin dalla sua fondazione nel 2000, SesameParaguay.com \u00e8 emerso come uno dei principali esportatori di semi di sesamo di qualit\u00e0 superiore provenienti dal cuore del Paraguay. Il nostro impegno per l&#8217;eccellenza si estende ai consumatori attenti alla salute in Europa, negli Stati Uniti &hellip; Chi siamo Leggi tutto \u00bb","og_url":"https:\/\/sesameparaguay.com\/it\/chi-siamo\/","og_site_name":"SesameParaguay.com","article_publisher":"https:\/\/www.facebook.com\/quebrachoexport","article_modified_time":"2024-06-21T13:36:19+00:00","twitter_card":"summary_large_image","twitter_misc":{"Tempo di lettura stimato":"2 minuti"},"schema":{"@context":"https:\/\/schema.org","@graph":[{"@type":"WebPage","@id":"https:\/\/sesameparaguay.com\/it\/chi-siamo\/","url":"https:\/\/sesameparaguay.com\/it\/chi-siamo\/","name":"Chi siamo - SesameParaguay.com","isPartOf":{"@id":"https:\/\/sesameparaguay.com\/it\/#website"},"datePublished":"2022-02-24T05:03:32+00:00","dateModified":"2024-06-21T13:36:19+00:00","breadcrumb":{"@id":"https:\/\/sesameparaguay.com\/it\/chi-siamo\/#breadcrumb"},"inLanguage":"it-IT","potentialAction":[{"@type":"ReadAction","target":["https:\/\/sesameparaguay.com\/it\/chi-siamo\/"]}]},{"@type":"BreadcrumbList","@id":"https:\/\/sesameparaguay.com\/it\/chi-siamo\/#breadcrumb","itemListElement":[{"@type":"ListItem","position":1,"name":"Home","item":"https:\/\/sesameparaguay.com\/it\/"},{"@type":"ListItem","position":2,"name":"Chi siamo"}]},{"@type":"WebSite","@id":"https:\/\/sesameparaguay.com\/it\/#website","url":"https:\/\/sesameparaguay.com\/it\/","name":"SesameParaguay.com","description":"Superior Sesame Seeds from Paraguay","publisher":{"@id":"https:\/\/sesameparaguay.com\/it\/#organization"},"potentialAction":[{"@type":"SearchAction","target":{"@type":"EntryPoint","urlTemplate":"https:\/\/sesameparaguay.com\/it\/?s={search_term_string}"},"query-input":{"@type":"PropertyValueSpecification","valueRequired":true,"valueName":"search_term_string"}}],"inLanguage":"it-IT"},{"@type":"Organization","@id":"https:\/\/sesameparaguay.com\/it\/#organization","name":"SesameParaguay.com","url":"https:\/\/sesameparaguay.com\/it\/","logo":{"@type":"ImageObject","inLanguage":"it-IT","@id":"https:\/\/sesameparaguay.com\/it\/#\/schema\/logo\/image\/","url":"https:\/\/sesameparaguay.com\/wp-content\/uploads\/2024\/06\/cropped-sesame-seeds-paraguay-logo.png","contentUrl":"https:\/\/sesameparaguay.com\/wp-content\/uploads\/2024\/06\/cropped-sesame-seeds-paraguay-logo.png","width":300,"height":126,"caption":"SesameParaguay.com"},"image":{"@id":"https:\/\/sesameparaguay.com\/it\/#\/schema\/logo\/image\/"},"sameAs":["https:\/\/www.facebook.com\/quebrachoexport","https:\/\/www.linkedin.com\/company\/93223467"]}]}},"uagb_featured_image_src":{"full":false,"thumbnail":false,"medium":false,"medium_large":false,"large":false,"1536x1536":false,"2048x2048":false},"uagb_author_info":{"display_name":"admin","author_link":"https:\/\/sesameparaguay.com\/it\/author\/admin\/"},"uagb_comment_info":0,"uagb_excerpt":"ABBRACCIARE L&#8217;ESSENZA DEL SESAMO PARAGUAIANO: UNA STORIA DI ECCELLENZA Informazioni su SesamoParaguay.com Sin dalla sua fondazione nel 2000, SesameParaguay.com \u00e8 emerso come uno dei principali esportatori di semi di sesamo di qualit\u00e0 superiore provenienti dal cuore del Paraguay. Il nostro impegno per l&#8217;eccellenza si estende ai consumatori attenti alla salute in Europa, negli Stati Uniti&hellip;","_links":{"self":[{"href":"https:\/\/sesameparaguay.com\/it\/wp-json\/wp\/v2\/pages\/2445","targetHints":{"allow":["GET"]}}],"collection":[{"href":"https:\/\/sesameparaguay.com\/it\/wp-json\/wp\/v2\/pages"}],"about":[{"href":"https:\/\/sesameparaguay.com\/it\/wp-json\/wp\/v2\/types\/page"}],"author":[{"embeddable":true,"href":"https:\/\/sesameparaguay.com\/it\/wp-json\/wp\/v2\/users\/1"}],"replies":[{"embeddable":true,"href":"https:\/\/sesameparaguay.com\/it\/wp-json\/wp\/v2\/comments?post=2445"}],"version-history":[{"count":0,"href":"https:\/\/sesameparaguay.com\/it\/wp-json\/wp\/v2\/pages\/2445\/revisions"}],"wp:attachment":[{"href":"https:\/\/sesameparaguay.com\/it\/wp-json\/wp\/v2\/media?parent=2445"}],"curies":[{"name":"wp","href":"https:\/\/api.w.org\/{rel}","templated":true}]}}