{"id":2405,"date":"2022-02-24T05:02:56","date_gmt":"2022-02-24T05:02:56","guid":{"rendered":"https:\/\/sesameparaguay.com\/carbone-quebracho-blanco-di-prima-qualita-dal-paraguay\/"},"modified":"2024-07-30T21:22:22","modified_gmt":"2024-07-30T21:22:22","slug":"carbone-quebracho-blanco-di-prima-qualita-dal-paraguay","status":"publish","type":"page","link":"https:\/\/sesameparaguay.com\/it\/","title":{"rendered":"Semi di sesamo Premium del Paraguay &#8211; Esportazione di qualit\u00e0 in tutto il mondo"},"content":{"rendered":"\n<div class=\"wp-block-uagb-container uagb-block-1f87dc6d alignfull uagb-is-root-container\"><div class=\"uagb-container-inner-blocks-wrap\">\n<div class=\"wp-block-uagb-info-box uagb-block-67c67dbc uagb-infobox__content-wrap  uagb-infobox-icon-above-title uagb-infobox-image-valign-top\"><div class=\"uagb-ifb-content\"><div class=\"uagb-ifb-title-wrap\"><h1 class=\"uagb-ifb-title\">Semi di sesamo di prima qualit\u00e0 del Paraguay, consegnati in tutto il mondo<\/h1><\/div><p class=\"uagb-ifb-desc\">Eccezionali semi di sesamo direttamente dal Paraguay<\/p><div class=\"uagb-ifb-button-wrapper wp-block-button\"><a href=\"https:\/\/sesameparaguay.com\/it\/contatto\/\" class=\"uagb-infobox-cta-link wp-block-button__link\" target=\"_self\" rel=\"noopener noreferrer\" onclick=\"return true;\"><span class=\"uagb-inline-editing\">Contatto<\/span><\/a><\/div><\/div><\/div>\n<\/div><\/div>\n\n<div class=\"wp-block-uagb-container uagb-block-be8c9955 alignfull uagb-is-root-container\"><div class=\"uagb-container-inner-blocks-wrap\">\n<div class=\"wp-block-uagb-advanced-heading uagb-block-b6eb6c32\"><h2 class=\"uagb-heading-text\"><strong>UN PATRIMONIO DI QUALIT\u00c0 NEI SEMI DI SESAMO DEL PARAGUAY<\/strong><\/h2><\/div>\n\n\n\n<p><strong>Informazioni su SesameParaguay.com: La tua fonte di semi di sesamo di qualit\u00e0<\/strong><\/p>\n\n\n\n<p>Sin dalla sua fondazione nel 2000, SesameParaguay.com \u00e8 emerso come un importante esportatore di semi di sesamo di alta qualit\u00e0 dal Paraguay. Il nostro impegno per l&#8217;eccellenza guida la nostra missione, garantendo che ogni lotto di semi di sesamo che esportiamo mantenga l&#8217;intero spettro di benefici nutrizionali associati a questo straordinario superfood.<\/p>\n\n\n\n<p><strong>Perch\u00e9 scegliere SesameParaguay.com?<\/strong><\/p>\n\n\n\n<ol class=\"wp-block-list\" start=\"1\">\n<li><strong>Qualit\u00e0 impeccabile:<\/strong> Su SesameParaguay.com diamo priorit\u00e0 alla qualit\u00e0 impeccabile dei semi di sesamo paraguaiani. I nostri semi sono coltivati, raccolti e lavorati con cura per conservare la loro naturale bont\u00e0. Ricchi di acidi grassi omega-3, fibre e minerali essenziali, i nostri semi di sesamo contribuiscono a uno stile di vita sano.<\/li>\n\n\n\n<li><strong>Condizioni di coltivazione ideali:<\/strong> Il clima unico e i terreni fertili del Paraguay sono l&#8217;ambiente perfetto per la coltivazione di semi di sesamo di alta qualit\u00e0. I nostri semi prosperano in queste condizioni ottimali, dando vita a sapori e contenuti nutrizionali eccezionali.<\/li>\n\n\n\n<li><strong>Versatili e nutrienti:<\/strong> che tu li integri nella tua dieta quotidiana o li usi come ingrediente versatile nelle tue ricette preferite, i nostri semi di sesamo aggiungono una spinta nutriente a qualsiasi pasto. Dalle insalate e dai soffritti ai prodotti da forno e alle creme spalmabili, le possibilit\u00e0 sono infinite.<\/li>\n\n\n\n<li><strong>Sostenibilit\u00e0 e qualit\u00e0:<\/strong> SesameParaguay.com si distingue nel settore per il suo impegno costante verso la sostenibilit\u00e0 e la qualit\u00e0. Rigorose misure di controllo della qualit\u00e0 assicurano che i nostri semi di sesamo soddisfino e superino gli standard internazionali, garantendo la tranquillit\u00e0 dei nostri clienti.<\/li>\n\n\n\n<li><strong>Patrimonio e passione:<\/strong> Siamo orgogliosi del nostro patrimonio paraguaiano e siamo animati da un&#8217;autentica passione per la salute e il benessere. SesameParaguay.com \u00e8 dedicato a condividere con il mondo i migliori semi di sesamo provenienti dal cuore del Sud America.<\/li>\n<\/ol>\n\n\n\n<p>Scopri la differenza con SesameParaguay.com e migliora la tua esperienza culinaria con i nostri semi di sesamo di prima qualit\u00e0.<\/p>\n\n\n\n<p><\/p>\n\n\n\n<p><\/p>\n\n\n\n<div class=\"wp-block-uagb-container uagb-block-55eb0d65\">\n<div class=\"wp-block-uagb-container uagb-block-afd2b76a\">\n<div class=\"wp-block-uagb-info-box uagb-block-73fb5bac uagb-infobox__content-wrap  uagb-infobox-icon-above-title uagb-infobox-image-valign-top\"><div class=\"uagb-ifb-content\"><div class=\"uagb-ifb-image-content\"><img decoding=\"async\" data-src=\"https:\/\/sesameparaguay.com\/wp-content\/uploads\/2024\/06\/Sin-titulo.png\" alt=\"\" width=\"500\" height=\"536\" src=\"data:image\/svg+xml;base64,PHN2ZyB3aWR0aD0iMSIgaGVpZ2h0PSIxIiB4bWxucz0iaHR0cDovL3d3dy53My5vcmcvMjAwMC9zdmciPjwvc3ZnPg==\" class=\"lazyload\" style=\"--smush-placeholder-width: 500px; --smush-placeholder-aspect-ratio: 500\/536;\" \/><\/div><div class=\"uagb-ifb-title-wrap\"><h3 class=\"uagb-ifb-title\">Spedizione globale<\/h3><\/div><p class=\"uagb-ifb-desc\">Portiamo i migliori semi di sesamo del Paraguay in ogni angolo del mondo.<br\/><br\/>I nostri semi di sesamo di prima qualit\u00e0 arrivano in perfette condizioni.<br\/><br\/>  Pronti a migliorare la vostra salute e la vostra esperienza culinaria.<br\/><br\/><br\/><br\/><\/p><\/div><\/div>\n<\/div>\n\n\n\n<div class=\"wp-block-columns is-layout-flex wp-container-core-columns-is-layout-28f84493 wp-block-columns-is-layout-flex\">\n<div class=\"wp-block-column is-layout-flow wp-block-column-is-layout-flow\" style=\"flex-basis:100%\">\n<div class=\"wp-block-uagb-info-box uagb-block-6727b895 uagb-infobox__content-wrap  uagb-infobox-icon-above-title uagb-infobox-image-valign-top\"><div class=\"uagb-ifb-content\"><div class=\"uagb-ifb-image-content\"><img decoding=\"async\" data-src=\"https:\/\/sesameparaguay.com\/wp-content\/uploads\/2024\/06\/Eco-friendly-icon-Graphics-71340541-1-1-580x399-2.jpg\" alt=\"\" width=\"500\" height=\"498\" src=\"data:image\/svg+xml;base64,PHN2ZyB3aWR0aD0iMSIgaGVpZ2h0PSIxIiB4bWxucz0iaHR0cDovL3d3dy53My5vcmcvMjAwMC9zdmciPjwvc3ZnPg==\" class=\"lazyload\" style=\"--smush-placeholder-width: 500px; --smush-placeholder-aspect-ratio: 500\/498;\" \/><\/div><div class=\"uagb-ifb-title-wrap\"><h3 class=\"uagb-ifb-title\">Provenienza sostenibile<\/h3><\/div><p class=\"uagb-ifb-desc\">  Impegno per l&#8217;ambiente.<br\/><br\/>Utilizzo di metodi che rispettano e preservano l&#8217;ecosistema naturale.<br\/><br\/>Amici della salute del nostro pianeta.<\/p><\/div><\/div>\n\n\n\n<div class=\"wp-block-uagb-container uagb-block-268a7584\"><\/div>\n<\/div>\n<\/div>\n\n\n\n<div class=\"wp-block-uagb-container uagb-block-fe23a21b\">\n<div class=\"wp-block-uagb-info-box uagb-block-8ff5933f uagb-infobox__content-wrap  uagb-infobox-icon-above-title uagb-infobox-image-valign-top\"><div class=\"uagb-ifb-content\"><div class=\"uagb-ifb-image-content\"><img decoding=\"async\" data-src=\"https:\/\/sesameparaguay.com\/wp-content\/uploads\/2024\/06\/WhatsApp-Image-2024-06-13-at-16.48.48-1.jpeg\" alt=\"\" width=\"500\" height=\"500\" src=\"data:image\/svg+xml;base64,PHN2ZyB3aWR0aD0iMSIgaGVpZ2h0PSIxIiB4bWxucz0iaHR0cDovL3d3dy53My5vcmcvMjAwMC9zdmciPjwvc3ZnPg==\" class=\"lazyload\" style=\"--smush-placeholder-width: 500px; --smush-placeholder-aspect-ratio: 500\/500;\" \/><\/div><div class=\"uagb-ifb-title-wrap\"><h3 class=\"uagb-ifb-title\">Standard di alta qualit\u00e0<\/h3><\/div><p class=\"uagb-ifb-desc\">Dalla nostra agricoltura sostenibile nella fertile terra del Paraguay.<br\/><br\/>Processo di confezionamento accurato.<br\/>Garantiamo che ogni seme di sesamo \u00e8 puro, nutriente e fresco.<br\/><br\/>Selezionati e coltivati con cura, vi garantiscono un prodotto che migliora la vostra salute e il vostro benessere.<\/p><\/div><\/div>\n<\/div>\n<\/div>\n<\/div><\/div>\n\n<div class=\"wp-block-uagb-container uagb-block-bb041ae5 alignfull uagb-is-root-container\"><div class=\"uagb-container-inner-blocks-wrap\">\n<div class=\"wp-block-uagb-info-box uagb-block-467524e0 uagb-infobox__content-wrap  uagb-infobox-icon-above-title uagb-infobox-image-valign-top\"><div class=\"uagb-ifb-content\"><div class=\"uagb-ifb-title-wrap\"><h5 class=\"uagb-ifb-title\">DOMANDE?<\/h5><\/div><p class=\"uagb-ifb-desc\">Contattateci oggi stesso per saperne di pi\u00f9 sui nostri semi di sesamo di alta qualit\u00e0 e sulle opzioni di prezzo disponibili.<\/p><div class=\"uagb-ifb-button-wrapper wp-block-button\"><a href=\"https:\/\/sesameparaguay.com\/it\/contatto\/\" class=\"uagb-infobox-cta-link wp-block-button__link\" target=\"_self\" rel=\"noopener noreferrer\" onclick=\"return true;\"><span class=\"uagb-inline-editing\">Richiesta di preventivo<\/span><\/a><\/div><\/div><\/div>\n<\/div><\/div>\n","protected":false},"excerpt":{"rendered":"<p>UN PATRIMONIO DI QUALIT\u00c0 NEI SEMI DI SESAMO DEL PARAGUAY Informazioni su SesameParaguay.com: La tua fonte di semi di sesamo di qualit\u00e0 Sin dalla sua fondazione nel 2000, SesameParaguay.com \u00e8 emerso come un importante esportatore di semi di sesamo di alta qualit\u00e0 dal Paraguay. Il nostro impegno per l&#8217;eccellenza guida la nostra missione, garantendo che &hellip;<\/p>\n<p class=\"read-more\"> <a class=\"\" href=\"https:\/\/sesameparaguay.com\/it\/\"> <span class=\"screen-reader-text\">Semi di sesamo Premium del Paraguay &#8211; Esportazione di qualit\u00e0 in tutto il mondo<\/span> Leggi tutto \u00bb<\/a><\/p>\n","protected":false},"author":1,"featured_media":4135,"parent":0,"menu_order":0,"comment_status":"closed","ping_status":"closed","template":"","meta":{"_uag_custom_page_level_css":"","_sitemap_exclude":false,"_sitemap_priority":"","_sitemap_frequency":"","site-sidebar-layout":"no-sidebar","site-content-layout":"page-builder","ast-global-header-display":"","ast-main-header-display":"","ast-hfb-above-header-display":"","ast-hfb-below-header-display":"","ast-hfb-mobile-header-display":"","site-post-title":"disabled","ast-breadcrumbs-content":"","ast-featured-img":"disabled","footer-sml-layout":"","theme-transparent-header-meta":"disabled","adv-header-id-meta":"","stick-header-meta":"","header-above-stick-meta":"","header-main-stick-meta":"","header-below-stick-meta":"","footnotes":""},"class_list":["post-2405","page","type-page","status-publish","has-post-thumbnail","hentry"],"yoast_head":"<!-- This site is optimized with the Yoast SEO plugin v27.2 - https:\/\/yoast.com\/product\/yoast-seo-wordpress\/ -->\n<title>Semi di sesamo Premium del Paraguay - Esportazione di qualit\u00e0 in tutto il mondo<\/title>\n<meta name=\"description\" content=\"Esportatore dei migliori semi di sesamo biologici del Paraguay. Ricchi di sostanze nutritive, raccolti in modo sostenibile e distribuiti a livello mondiale per la vostra salute e il vostro benessere. Provate la bont\u00e0 naturale della nostra sesamo paraguaiana.\" \/>\n<meta name=\"robots\" content=\"index, follow, max-snippet:-1, max-image-preview:large, max-video-preview:-1\" \/>\n<link rel=\"canonical\" href=\"https:\/\/sesameparaguay.com\/it\/\" \/>\n<meta property=\"og:locale\" content=\"it_IT\" \/>\n<meta property=\"og:type\" content=\"article\" \/>\n<meta property=\"og:title\" content=\"Semi di sesamo Premium del Paraguay - Esportazione di qualit\u00e0 in tutto il mondo\" \/>\n<meta property=\"og:description\" content=\"Esportatore dei migliori semi di sesamo biologici del Paraguay. Ricchi di sostanze nutritive, raccolti in modo sostenibile e distribuiti a livello mondiale per la vostra salute e il vostro benessere. Provate la bont\u00e0 naturale della nostra sesamo paraguaiana.\" \/>\n<meta property=\"og:url\" content=\"https:\/\/sesameparaguay.com\/it\/\" \/>\n<meta property=\"og:site_name\" content=\"SesameParaguay.com\" \/>\n<meta property=\"article:publisher\" content=\"https:\/\/www.facebook.com\/quebrachoexport\" \/>\n<meta property=\"article:modified_time\" content=\"2024-07-30T21:22:22+00:00\" \/>\n<meta property=\"og:image\" content=\"https:\/\/sesameparaguay.com\/wp-content\/uploads\/2024\/07\/sesame-seeds-paraguay.jpeg\" \/>\n\t<meta property=\"og:image:width\" content=\"244\" \/>\n\t<meta property=\"og:image:height\" content=\"207\" \/>\n\t<meta property=\"og:image:type\" content=\"image\/jpeg\" \/>\n<meta name=\"twitter:card\" content=\"summary_large_image\" \/>\n<meta name=\"twitter:label1\" content=\"Tempo di lettura stimato\" \/>\n\t<meta name=\"twitter:data1\" content=\"2 minuti\" \/>\n<script type=\"application\/ld+json\" class=\"yoast-schema-graph\">{\"@context\":\"https:\/\/schema.org\",\"@graph\":[{\"@type\":\"WebPage\",\"@id\":\"https:\/\/sesameparaguay.com\/it\/\",\"url\":\"https:\/\/sesameparaguay.com\/it\/\",\"name\":\"Semi di sesamo Premium del Paraguay - Esportazione di qualit\u00e0 in tutto il mondo\",\"isPartOf\":{\"@id\":\"https:\/\/sesameparaguay.com\/it\/#website\"},\"primaryImageOfPage\":{\"@id\":\"https:\/\/sesameparaguay.com\/it\/#primaryimage\"},\"image\":{\"@id\":\"https:\/\/sesameparaguay.com\/it\/#primaryimage\"},\"thumbnailUrl\":\"https:\/\/sesameparaguay.com\/wp-content\/uploads\/2024\/07\/sesame-seeds-paraguay.jpeg\",\"datePublished\":\"2022-02-24T05:02:56+00:00\",\"dateModified\":\"2024-07-30T21:22:22+00:00\",\"description\":\"Esportatore dei migliori semi di sesamo biologici del Paraguay. Ricchi di sostanze nutritive, raccolti in modo sostenibile e distribuiti a livello mondiale per la vostra salute e il vostro benessere. Provate la bont\u00e0 naturale della nostra sesamo paraguaiana.\",\"breadcrumb\":{\"@id\":\"https:\/\/sesameparaguay.com\/it\/#breadcrumb\"},\"inLanguage\":\"it-IT\",\"potentialAction\":[{\"@type\":\"ReadAction\",\"target\":[\"https:\/\/sesameparaguay.com\/it\/\"]}]},{\"@type\":\"ImageObject\",\"inLanguage\":\"it-IT\",\"@id\":\"https:\/\/sesameparaguay.com\/it\/#primaryimage\",\"url\":\"https:\/\/sesameparaguay.com\/wp-content\/uploads\/2024\/07\/sesame-seeds-paraguay.jpeg\",\"contentUrl\":\"https:\/\/sesameparaguay.com\/wp-content\/uploads\/2024\/07\/sesame-seeds-paraguay.jpeg\",\"width\":244,\"height\":207,\"caption\":\"sesame-seeds-paraguay\"},{\"@type\":\"BreadcrumbList\",\"@id\":\"https:\/\/sesameparaguay.com\/it\/#breadcrumb\",\"itemListElement\":[{\"@type\":\"ListItem\",\"position\":1,\"name\":\"Home\",\"item\":\"https:\/\/sesameparaguay.com\/it\/\"},{\"@type\":\"ListItem\",\"position\":2,\"name\":\"Semi di sesamo Premium del Paraguay &#8211; Esportazione di qualit\u00e0 in tutto il mondo\"}]},{\"@type\":\"WebSite\",\"@id\":\"https:\/\/sesameparaguay.com\/it\/#website\",\"url\":\"https:\/\/sesameparaguay.com\/it\/\",\"name\":\"SesameParaguay.com\",\"description\":\"Superior Sesame Seeds from Paraguay\",\"publisher\":{\"@id\":\"https:\/\/sesameparaguay.com\/it\/#organization\"},\"potentialAction\":[{\"@type\":\"SearchAction\",\"target\":{\"@type\":\"EntryPoint\",\"urlTemplate\":\"https:\/\/sesameparaguay.com\/it\/?s={search_term_string}\"},\"query-input\":{\"@type\":\"PropertyValueSpecification\",\"valueRequired\":true,\"valueName\":\"search_term_string\"}}],\"inLanguage\":\"it-IT\"},{\"@type\":\"Organization\",\"@id\":\"https:\/\/sesameparaguay.com\/it\/#organization\",\"name\":\"SesameParaguay.com\",\"url\":\"https:\/\/sesameparaguay.com\/it\/\",\"logo\":{\"@type\":\"ImageObject\",\"inLanguage\":\"it-IT\",\"@id\":\"https:\/\/sesameparaguay.com\/it\/#\/schema\/logo\/image\/\",\"url\":\"https:\/\/sesameparaguay.com\/wp-content\/uploads\/2024\/06\/cropped-sesame-seeds-paraguay-logo.png\",\"contentUrl\":\"https:\/\/sesameparaguay.com\/wp-content\/uploads\/2024\/06\/cropped-sesame-seeds-paraguay-logo.png\",\"width\":300,\"height\":126,\"caption\":\"SesameParaguay.com\"},\"image\":{\"@id\":\"https:\/\/sesameparaguay.com\/it\/#\/schema\/logo\/image\/\"},\"sameAs\":[\"https:\/\/www.facebook.com\/quebrachoexport\",\"https:\/\/www.linkedin.com\/company\/93223467\"]}]}<\/script>\n<!-- \/ Yoast SEO plugin. -->","yoast_head_json":{"title":"Semi di sesamo Premium del Paraguay - Esportazione di qualit\u00e0 in tutto il mondo","description":"Esportatore dei migliori semi di sesamo biologici del Paraguay. Ricchi di sostanze nutritive, raccolti in modo sostenibile e distribuiti a livello mondiale per la vostra salute e il vostro benessere. Provate la bont\u00e0 naturale della nostra sesamo paraguaiana.","robots":{"index":"index","follow":"follow","max-snippet":"max-snippet:-1","max-image-preview":"max-image-preview:large","max-video-preview":"max-video-preview:-1"},"canonical":"https:\/\/sesameparaguay.com\/it\/","og_locale":"it_IT","og_type":"article","og_title":"Semi di sesamo Premium del Paraguay - Esportazione di qualit\u00e0 in tutto il mondo","og_description":"Esportatore dei migliori semi di sesamo biologici del Paraguay. Ricchi di sostanze nutritive, raccolti in modo sostenibile e distribuiti a livello mondiale per la vostra salute e il vostro benessere. Provate la bont\u00e0 naturale della nostra sesamo paraguaiana.","og_url":"https:\/\/sesameparaguay.com\/it\/","og_site_name":"SesameParaguay.com","article_publisher":"https:\/\/www.facebook.com\/quebrachoexport","article_modified_time":"2024-07-30T21:22:22+00:00","og_image":[{"width":244,"height":207,"url":"https:\/\/sesameparaguay.com\/wp-content\/uploads\/2024\/07\/sesame-seeds-paraguay.jpeg","type":"image\/jpeg"}],"twitter_card":"summary_large_image","twitter_misc":{"Tempo di lettura stimato":"2 minuti"},"schema":{"@context":"https:\/\/schema.org","@graph":[{"@type":"WebPage","@id":"https:\/\/sesameparaguay.com\/it\/","url":"https:\/\/sesameparaguay.com\/it\/","name":"Semi di sesamo Premium del Paraguay - Esportazione di qualit\u00e0 in tutto il mondo","isPartOf":{"@id":"https:\/\/sesameparaguay.com\/it\/#website"},"primaryImageOfPage":{"@id":"https:\/\/sesameparaguay.com\/it\/#primaryimage"},"image":{"@id":"https:\/\/sesameparaguay.com\/it\/#primaryimage"},"thumbnailUrl":"https:\/\/sesameparaguay.com\/wp-content\/uploads\/2024\/07\/sesame-seeds-paraguay.jpeg","datePublished":"2022-02-24T05:02:56+00:00","dateModified":"2024-07-30T21:22:22+00:00","description":"Esportatore dei migliori semi di sesamo biologici del Paraguay. Ricchi di sostanze nutritive, raccolti in modo sostenibile e distribuiti a livello mondiale per la vostra salute e il vostro benessere. Provate la bont\u00e0 naturale della nostra sesamo paraguaiana.","breadcrumb":{"@id":"https:\/\/sesameparaguay.com\/it\/#breadcrumb"},"inLanguage":"it-IT","potentialAction":[{"@type":"ReadAction","target":["https:\/\/sesameparaguay.com\/it\/"]}]},{"@type":"ImageObject","inLanguage":"it-IT","@id":"https:\/\/sesameparaguay.com\/it\/#primaryimage","url":"https:\/\/sesameparaguay.com\/wp-content\/uploads\/2024\/07\/sesame-seeds-paraguay.jpeg","contentUrl":"https:\/\/sesameparaguay.com\/wp-content\/uploads\/2024\/07\/sesame-seeds-paraguay.jpeg","width":244,"height":207,"caption":"sesame-seeds-paraguay"},{"@type":"BreadcrumbList","@id":"https:\/\/sesameparaguay.com\/it\/#breadcrumb","itemListElement":[{"@type":"ListItem","position":1,"name":"Home","item":"https:\/\/sesameparaguay.com\/it\/"},{"@type":"ListItem","position":2,"name":"Semi di sesamo Premium del Paraguay &#8211; Esportazione di qualit\u00e0 in tutto il mondo"}]},{"@type":"WebSite","@id":"https:\/\/sesameparaguay.com\/it\/#website","url":"https:\/\/sesameparaguay.com\/it\/","name":"SesameParaguay.com","description":"Superior Sesame Seeds from Paraguay","publisher":{"@id":"https:\/\/sesameparaguay.com\/it\/#organization"},"potentialAction":[{"@type":"SearchAction","target":{"@type":"EntryPoint","urlTemplate":"https:\/\/sesameparaguay.com\/it\/?s={search_term_string}"},"query-input":{"@type":"PropertyValueSpecification","valueRequired":true,"valueName":"search_term_string"}}],"inLanguage":"it-IT"},{"@type":"Organization","@id":"https:\/\/sesameparaguay.com\/it\/#organization","name":"SesameParaguay.com","url":"https:\/\/sesameparaguay.com\/it\/","logo":{"@type":"ImageObject","inLanguage":"it-IT","@id":"https:\/\/sesameparaguay.com\/it\/#\/schema\/logo\/image\/","url":"https:\/\/sesameparaguay.com\/wp-content\/uploads\/2024\/06\/cropped-sesame-seeds-paraguay-logo.png","contentUrl":"https:\/\/sesameparaguay.com\/wp-content\/uploads\/2024\/06\/cropped-sesame-seeds-paraguay-logo.png","width":300,"height":126,"caption":"SesameParaguay.com"},"image":{"@id":"https:\/\/sesameparaguay.com\/it\/#\/schema\/logo\/image\/"},"sameAs":["https:\/\/www.facebook.com\/quebrachoexport","https:\/\/www.linkedin.com\/company\/93223467"]}]}},"uagb_featured_image_src":{"full":["https:\/\/sesameparaguay.com\/wp-content\/uploads\/2024\/07\/sesame-seeds-paraguay.jpeg",244,207,false],"thumbnail":["https:\/\/sesameparaguay.com\/wp-content\/uploads\/2024\/07\/sesame-seeds-paraguay-150x150.jpeg",150,150,true],"medium":["https:\/\/sesameparaguay.com\/wp-content\/uploads\/2024\/07\/sesame-seeds-paraguay.jpeg",244,207,false],"medium_large":["https:\/\/sesameparaguay.com\/wp-content\/uploads\/2024\/07\/sesame-seeds-paraguay.jpeg",244,207,false],"large":["https:\/\/sesameparaguay.com\/wp-content\/uploads\/2024\/07\/sesame-seeds-paraguay.jpeg",244,207,false],"1536x1536":["https:\/\/sesameparaguay.com\/wp-content\/uploads\/2024\/07\/sesame-seeds-paraguay.jpeg",244,207,false],"2048x2048":["https:\/\/sesameparaguay.com\/wp-content\/uploads\/2024\/07\/sesame-seeds-paraguay.jpeg",244,207,false]},"uagb_author_info":{"display_name":"admin","author_link":"https:\/\/sesameparaguay.com\/it\/author\/admin\/"},"uagb_comment_info":0,"uagb_excerpt":"UN PATRIMONIO DI QUALIT\u00c0 NEI SEMI DI SESAMO DEL PARAGUAY Informazioni su SesameParaguay.com: La tua fonte di semi di sesamo di qualit\u00e0 Sin dalla sua fondazione nel 2000, SesameParaguay.com \u00e8 emerso come un importante esportatore di semi di sesamo di alta qualit\u00e0 dal Paraguay. Il nostro impegno per l&#8217;eccellenza guida la nostra missione, garantendo che&hellip;","_links":{"self":[{"href":"https:\/\/sesameparaguay.com\/it\/wp-json\/wp\/v2\/pages\/2405","targetHints":{"allow":["GET"]}}],"collection":[{"href":"https:\/\/sesameparaguay.com\/it\/wp-json\/wp\/v2\/pages"}],"about":[{"href":"https:\/\/sesameparaguay.com\/it\/wp-json\/wp\/v2\/types\/page"}],"author":[{"embeddable":true,"href":"https:\/\/sesameparaguay.com\/it\/wp-json\/wp\/v2\/users\/1"}],"replies":[{"embeddable":true,"href":"https:\/\/sesameparaguay.com\/it\/wp-json\/wp\/v2\/comments?post=2405"}],"version-history":[{"count":0,"href":"https:\/\/sesameparaguay.com\/it\/wp-json\/wp\/v2\/pages\/2405\/revisions"}],"wp:featuredmedia":[{"embeddable":true,"href":"https:\/\/sesameparaguay.com\/it\/wp-json\/wp\/v2\/media\/4135"}],"wp:attachment":[{"href":"https:\/\/sesameparaguay.com\/it\/wp-json\/wp\/v2\/media?parent=2405"}],"curies":[{"name":"wp","href":"https:\/\/api.w.org\/{rel}","templated":true}]}}