{"id":2403,"date":"2023-05-02T04:47:54","date_gmt":"2023-05-02T04:47:54","guid":{"rendered":"https:\/\/sesameparaguay.com\/informativa-sulla-privacy\/"},"modified":"2023-11-28T22:25:49","modified_gmt":"2023-11-28T22:25:49","slug":"informativa-sulla-privacy","status":"publish","type":"page","link":"https:\/\/sesameparaguay.com\/it\/informativa-sulla-privacy\/","title":{"rendered":"Informativa sulla privacy"},"content":{"rendered":"\n<p>Ultimo aggiornamento: 6\/5\/2023<\/p>\n\n<p><\/p>\n\n<p>Noi di ChiaParaguay.com ci impegniamo a proteggere la vostra privacy. La presente Informativa sulla privacy spiega come raccogliamo, utilizziamo e salvaguardiamo i dati personali degli utenti quando visitano il nostro sito web, <a href=\"https:\/\/sesameparaguay.com\/it\/\">https:\/\/sesameparaguay.com<\/a> (il &#8220;Sito&#8221;).<\/p>\n\n<p>Utilizzando il nostro Sito, l&#8217;utente acconsente alle pratiche di trattamento dei dati descritte nella presente Informativa sulla privacy. Se l&#8217;utente non \u00e8 d&#8217;accordo con i termini delineati nella presente Informativa sulla privacy, \u00e8 pregato di non accedere o utilizzare il nostro Sito.<\/p>\n\n<ol class=\"wp-block-list\">\n<li>Raccolta e utilizzo delle informazioni<\/li>\n<\/ol>\n\n<p>Quando visitate il nostro Sito, possiamo raccogliere informazioni personali quali nome, indirizzo e-mail, numero di telefono e indirizzo di spedizione. Queste informazioni vengono utilizzate per fornirvi i prodotti o i servizi da voi richiesti, per rispondere alle vostre richieste e per comunicare con voi in merito ai vostri ordini o a qualsiasi altra informazione pertinente.<\/p>\n\n<p>Raccogliamo anche informazioni non personali sull&#8217;hardware e sul software del vostro computer, tra cui l&#8217;indirizzo IP, il tipo di browser, i nomi di dominio, gli orari di accesso e gli indirizzi dei siti web di riferimento. Queste informazioni ci aiutano a mantenere la qualit\u00e0 del nostro servizio, a capire le preferenze degli utenti e ad analizzare i modelli generali di utilizzo del nostro sito.<\/p>\n\n<ol class=\"wp-block-list\" start=\"2\">\n<li>Utilizzo dei cookie<\/li>\n<\/ol>\n\n<p>Il nostro sito utilizza i &#8220;cookie&#8221; per personalizzare la vostra esperienza online. Un cookie \u00e8 un piccolo file di testo che viene memorizzato sul vostro computer o dispositivo mobile quando visitate determinate pagine web. I cookie ci aiutano a capire le preferenze dell&#8217;utente in base alle sue attivit\u00e0 precedenti o attuali sul sito, consentendoci di fornire servizi migliori. L&#8217;utente ha la possibilit\u00e0 di accettare o rifiutare i cookie. La maggior parte dei browser web accetta automaticamente i cookie, ma \u00e8 possibile modificare le impostazioni del browser per rifiutarli, se si preferisce.<\/p>\n\n<ol class=\"wp-block-list\" start=\"3\">\n<li>Condivisione e divulgazione delle informazioni<\/li>\n<\/ol>\n\n<p>Non vendiamo, affittiamo o cediamo a terzi i nostri elenchi di clienti o le nostre informazioni personali. Possiamo condividere le vostre informazioni personali con fornitori di servizi terzi di fiducia per aiutarci a eseguire analisi statistiche, inviarvi e-mail o posta ordinaria, fornire assistenza ai clienti o organizzare consegne. A tutte queste terze parti \u00e8 fatto divieto di utilizzare le informazioni personali dell&#8217;utente se non per fornire tali servizi e sono tenute a mantenere la riservatezza delle informazioni dell&#8217;utente.<\/p>\n\n<p>Possiamo anche divulgare le vostre informazioni personali se richiesto dalla legge o se riteniamo in buona fede che tale azione sia necessaria per: (a) rispettare i requisiti legali o i procedimenti giudiziari notificati a QuebrachoExport.com; (b) proteggere e difendere i diritti o la propriet\u00e0 di QuebrachoExport.com; oppure (c) agire in circostanze urgenti per proteggere la sicurezza personale degli utenti di QuebrachoExport.com o del pubblico.<\/p>\n\n<ol class=\"wp-block-list\" start=\"4\">\n<li>Sicurezza<\/li>\n<\/ol>\n\n<p>Prendiamo sul serio la sicurezza delle vostre informazioni personali e implementiamo misure di sicurezza ragionevoli per proteggere le vostre informazioni da accessi, usi o divulgazioni non autorizzati. Tuttavia, nessun metodo di trasmissione dei dati o di archiviazione elettronica \u00e8 sicuro al 100%. Pertanto, pur impegnandoci a proteggere i vostri dati personali, non possiamo garantirne l&#8217;assoluta sicurezza.<\/p>\n\n<ol class=\"wp-block-list\" start=\"5\">\n<li>Link ad altri siti web<\/li>\n<\/ol>\n\n<p>Il nostro Sito pu\u00f2 contenere link ad altri siti web. Non siamo responsabili del contenuto, delle politiche sulla privacy o delle pratiche di questi siti esterni. Vi invitiamo a prendere visione delle politiche sulla privacy di tutti i siti web che visitate.<\/p>\n\n<ol class=\"wp-block-list\" start=\"6\">\n<li>Modifiche alla presente Informativa sulla privacy<\/li>\n<\/ol>\n\n<p>Potremmo occasionalmente aggiornare la presente Informativa sulla privacy per riflettere il feedback dell&#8217;azienda e dei clienti o le modifiche alla legislazione sulla privacy. Vi invitiamo a rivedere periodicamente la presente Informativa sulla privacy per essere sempre informati su come stiamo proteggendo le vostre informazioni.<\/p>\n\n<ol class=\"wp-block-list\" start=\"7\">\n<li>Informazioni di contatto<\/li>\n<\/ol>\n\n<p>In caso di domande o dubbi sulla presente Informativa sulla privacy o sulle nostre pratiche di trattamento dei dati, si prega di contattarci all&#8217;indirizzo:<\/p>\n\n<p>ChiaParaguay.com  <\/p>\n\n<p>Moises Bertoni 2749 <\/p>\n\n<p>Email: info@sesameparaguay.com  <\/p>\n\n<p>Telefono: +595991850766<\/p>\n\n<p>Risponderemo alle vostre richieste e faremo il possibile per risolvere qualsiasi problema.<\/p>\n","protected":false},"excerpt":{"rendered":"<p>Ultimo aggiornamento: 6\/5\/2023 Noi di ChiaParaguay.com ci impegniamo a proteggere la vostra privacy. La presente Informativa sulla privacy spiega come raccogliamo, utilizziamo e salvaguardiamo i dati personali degli utenti quando visitano il nostro sito web, https:\/\/sesameparaguay.com (il &#8220;Sito&#8221;). Utilizzando il nostro Sito, l&#8217;utente acconsente alle pratiche di trattamento dei dati descritte nella presente Informativa sulla &hellip;<\/p>\n<p class=\"read-more\"> <a class=\"\" href=\"https:\/\/sesameparaguay.com\/it\/informativa-sulla-privacy\/\"> <span class=\"screen-reader-text\">Informativa sulla privacy<\/span> Leggi tutto \u00bb<\/a><\/p>\n","protected":false},"author":1,"featured_media":0,"parent":0,"menu_order":0,"comment_status":"closed","ping_status":"open","template":"","meta":{"_uag_custom_page_level_css":"","_sitemap_exclude":false,"_sitemap_priority":"","_sitemap_frequency":"","site-sidebar-layout":"default","site-content-layout":"default","ast-global-header-display":"","ast-main-header-display":"","ast-hfb-above-header-display":"","ast-hfb-below-header-display":"","ast-hfb-mobile-header-display":"","site-post-title":"","ast-breadcrumbs-content":"","ast-featured-img":"","footer-sml-layout":"","theme-transparent-header-meta":"","adv-header-id-meta":"","stick-header-meta":"","header-above-stick-meta":"","header-main-stick-meta":"","header-below-stick-meta":"","footnotes":""},"class_list":["post-2403","page","type-page","status-publish","hentry"],"yoast_head":"<!-- This site is optimized with the Yoast SEO plugin v27.2 - https:\/\/yoast.com\/product\/yoast-seo-wordpress\/ -->\n<title>Informativa sulla privacy - SesameParaguay.com<\/title>\n<meta name=\"robots\" content=\"index, follow, max-snippet:-1, max-image-preview:large, max-video-preview:-1\" \/>\n<link rel=\"canonical\" href=\"https:\/\/sesameparaguay.com\/it\/informativa-sulla-privacy\/\" \/>\n<meta property=\"og:locale\" content=\"it_IT\" \/>\n<meta property=\"og:type\" content=\"article\" \/>\n<meta property=\"og:title\" content=\"Informativa sulla privacy - SesameParaguay.com\" \/>\n<meta property=\"og:description\" content=\"Ultimo aggiornamento: 6\/5\/2023 Noi di ChiaParaguay.com ci impegniamo a proteggere la vostra privacy. La presente Informativa sulla privacy spiega come raccogliamo, utilizziamo e salvaguardiamo i dati personali degli utenti quando visitano il nostro sito web, https:\/\/sesameparaguay.com (il &#8220;Sito&#8221;). Utilizzando il nostro Sito, l&#8217;utente acconsente alle pratiche di trattamento dei dati descritte nella presente Informativa sulla &hellip; Informativa sulla privacy Leggi tutto \u00bb\" \/>\n<meta property=\"og:url\" content=\"https:\/\/sesameparaguay.com\/it\/informativa-sulla-privacy\/\" \/>\n<meta property=\"og:site_name\" content=\"SesameParaguay.com\" \/>\n<meta property=\"article:publisher\" content=\"https:\/\/www.facebook.com\/quebrachoexport\" \/>\n<meta property=\"article:modified_time\" content=\"2023-11-28T22:25:49+00:00\" \/>\n<meta name=\"twitter:card\" content=\"summary_large_image\" \/>\n<meta name=\"twitter:label1\" content=\"Tempo di lettura stimato\" \/>\n\t<meta name=\"twitter:data1\" content=\"3 minuti\" \/>\n<script type=\"application\/ld+json\" class=\"yoast-schema-graph\">{\"@context\":\"https:\/\/schema.org\",\"@graph\":[{\"@type\":\"WebPage\",\"@id\":\"https:\/\/sesameparaguay.com\/it\/informativa-sulla-privacy\/\",\"url\":\"https:\/\/sesameparaguay.com\/it\/informativa-sulla-privacy\/\",\"name\":\"Informativa sulla privacy - SesameParaguay.com\",\"isPartOf\":{\"@id\":\"https:\/\/sesameparaguay.com\/it\/#website\"},\"datePublished\":\"2023-05-02T04:47:54+00:00\",\"dateModified\":\"2023-11-28T22:25:49+00:00\",\"breadcrumb\":{\"@id\":\"https:\/\/sesameparaguay.com\/it\/informativa-sulla-privacy\/#breadcrumb\"},\"inLanguage\":\"it-IT\",\"potentialAction\":[{\"@type\":\"ReadAction\",\"target\":[\"https:\/\/sesameparaguay.com\/it\/informativa-sulla-privacy\/\"]}]},{\"@type\":\"BreadcrumbList\",\"@id\":\"https:\/\/sesameparaguay.com\/it\/informativa-sulla-privacy\/#breadcrumb\",\"itemListElement\":[{\"@type\":\"ListItem\",\"position\":1,\"name\":\"Home\",\"item\":\"https:\/\/sesameparaguay.com\/it\/\"},{\"@type\":\"ListItem\",\"position\":2,\"name\":\"Informativa sulla privacy\"}]},{\"@type\":\"WebSite\",\"@id\":\"https:\/\/sesameparaguay.com\/it\/#website\",\"url\":\"https:\/\/sesameparaguay.com\/it\/\",\"name\":\"SesameParaguay.com\",\"description\":\"Superior Sesame Seeds from Paraguay\",\"publisher\":{\"@id\":\"https:\/\/sesameparaguay.com\/it\/#organization\"},\"potentialAction\":[{\"@type\":\"SearchAction\",\"target\":{\"@type\":\"EntryPoint\",\"urlTemplate\":\"https:\/\/sesameparaguay.com\/it\/?s={search_term_string}\"},\"query-input\":{\"@type\":\"PropertyValueSpecification\",\"valueRequired\":true,\"valueName\":\"search_term_string\"}}],\"inLanguage\":\"it-IT\"},{\"@type\":\"Organization\",\"@id\":\"https:\/\/sesameparaguay.com\/it\/#organization\",\"name\":\"SesameParaguay.com\",\"url\":\"https:\/\/sesameparaguay.com\/it\/\",\"logo\":{\"@type\":\"ImageObject\",\"inLanguage\":\"it-IT\",\"@id\":\"https:\/\/sesameparaguay.com\/it\/#\/schema\/logo\/image\/\",\"url\":\"https:\/\/sesameparaguay.com\/wp-content\/uploads\/2024\/06\/cropped-sesame-seeds-paraguay-logo.png\",\"contentUrl\":\"https:\/\/sesameparaguay.com\/wp-content\/uploads\/2024\/06\/cropped-sesame-seeds-paraguay-logo.png\",\"width\":300,\"height\":126,\"caption\":\"SesameParaguay.com\"},\"image\":{\"@id\":\"https:\/\/sesameparaguay.com\/it\/#\/schema\/logo\/image\/\"},\"sameAs\":[\"https:\/\/www.facebook.com\/quebrachoexport\",\"https:\/\/www.linkedin.com\/company\/93223467\"]}]}<\/script>\n<!-- \/ Yoast SEO plugin. -->","yoast_head_json":{"title":"Informativa sulla privacy - SesameParaguay.com","robots":{"index":"index","follow":"follow","max-snippet":"max-snippet:-1","max-image-preview":"max-image-preview:large","max-video-preview":"max-video-preview:-1"},"canonical":"https:\/\/sesameparaguay.com\/it\/informativa-sulla-privacy\/","og_locale":"it_IT","og_type":"article","og_title":"Informativa sulla privacy - SesameParaguay.com","og_description":"Ultimo aggiornamento: 6\/5\/2023 Noi di ChiaParaguay.com ci impegniamo a proteggere la vostra privacy. La presente Informativa sulla privacy spiega come raccogliamo, utilizziamo e salvaguardiamo i dati personali degli utenti quando visitano il nostro sito web, https:\/\/sesameparaguay.com (il &#8220;Sito&#8221;). Utilizzando il nostro Sito, l&#8217;utente acconsente alle pratiche di trattamento dei dati descritte nella presente Informativa sulla &hellip; Informativa sulla privacy Leggi tutto \u00bb","og_url":"https:\/\/sesameparaguay.com\/it\/informativa-sulla-privacy\/","og_site_name":"SesameParaguay.com","article_publisher":"https:\/\/www.facebook.com\/quebrachoexport","article_modified_time":"2023-11-28T22:25:49+00:00","twitter_card":"summary_large_image","twitter_misc":{"Tempo di lettura stimato":"3 minuti"},"schema":{"@context":"https:\/\/schema.org","@graph":[{"@type":"WebPage","@id":"https:\/\/sesameparaguay.com\/it\/informativa-sulla-privacy\/","url":"https:\/\/sesameparaguay.com\/it\/informativa-sulla-privacy\/","name":"Informativa sulla privacy - SesameParaguay.com","isPartOf":{"@id":"https:\/\/sesameparaguay.com\/it\/#website"},"datePublished":"2023-05-02T04:47:54+00:00","dateModified":"2023-11-28T22:25:49+00:00","breadcrumb":{"@id":"https:\/\/sesameparaguay.com\/it\/informativa-sulla-privacy\/#breadcrumb"},"inLanguage":"it-IT","potentialAction":[{"@type":"ReadAction","target":["https:\/\/sesameparaguay.com\/it\/informativa-sulla-privacy\/"]}]},{"@type":"BreadcrumbList","@id":"https:\/\/sesameparaguay.com\/it\/informativa-sulla-privacy\/#breadcrumb","itemListElement":[{"@type":"ListItem","position":1,"name":"Home","item":"https:\/\/sesameparaguay.com\/it\/"},{"@type":"ListItem","position":2,"name":"Informativa sulla privacy"}]},{"@type":"WebSite","@id":"https:\/\/sesameparaguay.com\/it\/#website","url":"https:\/\/sesameparaguay.com\/it\/","name":"SesameParaguay.com","description":"Superior Sesame Seeds from Paraguay","publisher":{"@id":"https:\/\/sesameparaguay.com\/it\/#organization"},"potentialAction":[{"@type":"SearchAction","target":{"@type":"EntryPoint","urlTemplate":"https:\/\/sesameparaguay.com\/it\/?s={search_term_string}"},"query-input":{"@type":"PropertyValueSpecification","valueRequired":true,"valueName":"search_term_string"}}],"inLanguage":"it-IT"},{"@type":"Organization","@id":"https:\/\/sesameparaguay.com\/it\/#organization","name":"SesameParaguay.com","url":"https:\/\/sesameparaguay.com\/it\/","logo":{"@type":"ImageObject","inLanguage":"it-IT","@id":"https:\/\/sesameparaguay.com\/it\/#\/schema\/logo\/image\/","url":"https:\/\/sesameparaguay.com\/wp-content\/uploads\/2024\/06\/cropped-sesame-seeds-paraguay-logo.png","contentUrl":"https:\/\/sesameparaguay.com\/wp-content\/uploads\/2024\/06\/cropped-sesame-seeds-paraguay-logo.png","width":300,"height":126,"caption":"SesameParaguay.com"},"image":{"@id":"https:\/\/sesameparaguay.com\/it\/#\/schema\/logo\/image\/"},"sameAs":["https:\/\/www.facebook.com\/quebrachoexport","https:\/\/www.linkedin.com\/company\/93223467"]}]}},"uagb_featured_image_src":{"full":false,"thumbnail":false,"medium":false,"medium_large":false,"large":false,"1536x1536":false,"2048x2048":false},"uagb_author_info":{"display_name":"admin","author_link":"https:\/\/sesameparaguay.com\/it\/author\/admin\/"},"uagb_comment_info":0,"uagb_excerpt":"Ultimo aggiornamento: 6\/5\/2023 Noi di ChiaParaguay.com ci impegniamo a proteggere la vostra privacy. La presente Informativa sulla privacy spiega come raccogliamo, utilizziamo e salvaguardiamo i dati personali degli utenti quando visitano il nostro sito web, https:\/\/sesameparaguay.com (il &#8220;Sito&#8221;). Utilizzando il nostro Sito, l&#8217;utente acconsente alle pratiche di trattamento dei dati descritte nella presente Informativa sulla&hellip;","_links":{"self":[{"href":"https:\/\/sesameparaguay.com\/it\/wp-json\/wp\/v2\/pages\/2403","targetHints":{"allow":["GET"]}}],"collection":[{"href":"https:\/\/sesameparaguay.com\/it\/wp-json\/wp\/v2\/pages"}],"about":[{"href":"https:\/\/sesameparaguay.com\/it\/wp-json\/wp\/v2\/types\/page"}],"author":[{"embeddable":true,"href":"https:\/\/sesameparaguay.com\/it\/wp-json\/wp\/v2\/users\/1"}],"replies":[{"embeddable":true,"href":"https:\/\/sesameparaguay.com\/it\/wp-json\/wp\/v2\/comments?post=2403"}],"version-history":[{"count":0,"href":"https:\/\/sesameparaguay.com\/it\/wp-json\/wp\/v2\/pages\/2403\/revisions"}],"wp:attachment":[{"href":"https:\/\/sesameparaguay.com\/it\/wp-json\/wp\/v2\/media?parent=2403"}],"curies":[{"name":"wp","href":"https:\/\/api.w.org\/{rel}","templated":true}]}}