{"id":2419,"date":"2022-02-24T05:03:32","date_gmt":"2022-02-24T05:03:32","guid":{"rendered":"https:\/\/sesameparaguay.com\/sobre-nosotros\/"},"modified":"2024-06-21T14:30:14","modified_gmt":"2024-06-21T14:30:14","slug":"sobre-nosotros","status":"publish","type":"page","link":"https:\/\/sesameparaguay.com\/es\/sobre-nosotros\/","title":{"rendered":"Sobre nosotros"},"content":{"rendered":"\n<div class=\"wp-block-uagb-container uagb-block-47366506 alignfull uagb-is-root-container\"><div class=\"uagb-container-inner-blocks-wrap\">\n<div class=\"wp-block-uagb-advanced-heading uagb-block-d97bb5be\"><h2 class=\"uagb-heading-text\"><strong>ABRAZANDO LA ESENCIA DEL S\u00c9SAMO PARAGUAYO: UNA HISTORIA DE EXCELENCIA<\/strong><\/h2><\/div>\n\n\n\n<p><\/p>\n\n\n\n<p><strong>Acerca de SesameParaguay.com<\/strong><\/p>\n\n\n\n<p>Desde nuestra fundaci\u00f3n en 2000, SesameParaguay.com se ha convertido en un exportador l\u00edder de semillas de s\u00e9samo de primera calidad procedentes del coraz\u00f3n de Paraguay. Nuestro compromiso con la excelencia se extiende a los consumidores preocupados por la salud de Europa, EE.UU. y diversos mercados mundiales.<\/p>\n\n\n\n<p><strong>Nuestra historia<\/strong><\/p>\n\n\n\n<p>En SesameParaguay.com, nos dedicamos a ofrecer las mejores semillas de s\u00e9samo de cultivo ecol\u00f3gico. Nuestra \u00e9tica inquebrantable se centra en la calidad, garantizando que cada lote que enviamos encarna todo el espectro de beneficios nutricionales inherentes a las semillas de s\u00e9samo. Entre ellos se incluyen altos niveles de \u00e1cidos grasos omega-3, abundante fibra diet\u00e9tica y un rico conjunto de minerales esenciales. Cultivadas mediante pr\u00e1cticas agr\u00edcolas respetuosas con el medio ambiente, nuestras semillas de s\u00e9samo conservan su pureza y autenticidad naturales.<\/p>\n\n\n\n<p><strong>La ventaja paraguaya<\/strong><\/p>\n\n\n\n<p>Las condiciones clim\u00e1ticas \u00fanicas de Paraguay y su suelo f\u00e9rtil crean un entorno ideal para cultivar exquisitas semillas de s\u00e9samo. Mediante una meticulosa selecci\u00f3n, ofrecemos s\u00f3lo las mejores semillas, reconocidas por su valor nutritivo superior y su sabor distintivo. Ya sea como complemento nutritivo de una dieta sana o como ingrediente din\u00e1mico en creaciones culinarias, nuestras semillas de s\u00e9samo a\u00f1aden salubridad a todos los platos.<\/p>\n\n\n\n<p><strong>Nuestra distinci\u00f3n<\/strong><\/p>\n\n\n\n<p>Lo que diferencia a SesameParaguay.com es nuestro compromiso inquebrantable con la sostenibilidad y la calidad. Rigurosos protocolos de garant\u00eda de calidad aseguran que nuestras semillas de s\u00e9samo superan las normas internacionales. No s\u00f3lo son nutricionalmente densos, sino que tambi\u00e9n sobresalen en sabor y textura, lo que los eleva por encima de otros competidores del mercado.  <\/p>\n\n\n\n<p>Celebrando con orgullo nuestra herencia paraguaya, somos los \u00fanicos productores y exportadores de semillas de s\u00e9samo confitero (cosechado a mano) y mecanizado (cosechado a m\u00e1quina) del mundo. Nuestro compromiso con la calidad y la excelencia nos distingue como l\u00edderes en este campo. Explora las excepcionales ofertas de SesameParaguay.com y eleva tu dieta con semillas de s\u00e9samo de primera calidad, cultivadas directamente en los exuberantes paisajes de Sudam\u00e9rica.<\/p>\n\n\n\n<p><\/p>\n\n\n\n<p><\/p>\n<\/div><\/div>\n","protected":false},"excerpt":{"rendered":"<p>ABRAZANDO LA ESENCIA DEL S\u00c9SAMO PARAGUAYO: UNA HISTORIA DE EXCELENCIA Acerca de SesameParaguay.com Desde nuestra fundaci\u00f3n en 2000, SesameParaguay.com se ha convertido en un exportador l\u00edder de semillas de s\u00e9samo de primera calidad procedentes del coraz\u00f3n de Paraguay. Nuestro compromiso con la excelencia se extiende a los consumidores preocupados por la salud de Europa, EE.UU. &hellip;<\/p>\n<p class=\"read-more\"> <a class=\"\" href=\"https:\/\/sesameparaguay.com\/es\/sobre-nosotros\/\"> <span class=\"screen-reader-text\">Sobre nosotros<\/span> Leer m\u00e1s \u00bb<\/a><\/p>\n","protected":false},"author":1,"featured_media":0,"parent":0,"menu_order":0,"comment_status":"closed","ping_status":"closed","template":"","meta":{"_uag_custom_page_level_css":"","_sitemap_exclude":false,"_sitemap_priority":"","_sitemap_frequency":"","site-sidebar-layout":"no-sidebar","site-content-layout":"page-builder","ast-global-header-display":"","ast-main-header-display":"","ast-hfb-above-header-display":"","ast-hfb-below-header-display":"","ast-hfb-mobile-header-display":"","site-post-title":"disabled","ast-breadcrumbs-content":"","ast-featured-img":"disabled","footer-sml-layout":"","theme-transparent-header-meta":"enabled","adv-header-id-meta":"","stick-header-meta":"","header-above-stick-meta":"","header-main-stick-meta":"","header-below-stick-meta":"","footnotes":""},"class_list":["post-2419","page","type-page","status-publish","hentry"],"yoast_head":"<!-- This site is optimized with the Yoast SEO plugin v27.2 - https:\/\/yoast.com\/product\/yoast-seo-wordpress\/ -->\n<title>Sobre nosotros - SesameParaguay.com<\/title>\n<meta name=\"robots\" content=\"index, follow, max-snippet:-1, max-image-preview:large, max-video-preview:-1\" \/>\n<link rel=\"canonical\" href=\"https:\/\/sesameparaguay.com\/es\/sobre-nosotros\/\" \/>\n<meta property=\"og:locale\" content=\"es_ES\" \/>\n<meta property=\"og:type\" content=\"article\" \/>\n<meta property=\"og:title\" content=\"Sobre nosotros - SesameParaguay.com\" \/>\n<meta property=\"og:description\" content=\"ABRAZANDO LA ESENCIA DEL S\u00c9SAMO PARAGUAYO: UNA HISTORIA DE EXCELENCIA Acerca de SesameParaguay.com Desde nuestra fundaci\u00f3n en 2000, SesameParaguay.com se ha convertido en un exportador l\u00edder de semillas de s\u00e9samo de primera calidad procedentes del coraz\u00f3n de Paraguay. Nuestro compromiso con la excelencia se extiende a los consumidores preocupados por la salud de Europa, EE.UU. &hellip; Sobre nosotros Leer m\u00e1s \u00bb\" \/>\n<meta property=\"og:url\" content=\"https:\/\/sesameparaguay.com\/es\/sobre-nosotros\/\" \/>\n<meta property=\"og:site_name\" content=\"SesameParaguay.com\" \/>\n<meta property=\"article:publisher\" content=\"https:\/\/www.facebook.com\/quebrachoexport\" \/>\n<meta property=\"article:modified_time\" content=\"2024-06-21T14:30:14+00:00\" \/>\n<meta name=\"twitter:card\" content=\"summary_large_image\" \/>\n<meta name=\"twitter:label1\" content=\"Tiempo de lectura\" \/>\n\t<meta name=\"twitter:data1\" content=\"2 minutos\" \/>\n<script type=\"application\/ld+json\" class=\"yoast-schema-graph\">{\"@context\":\"https:\/\/schema.org\",\"@graph\":[{\"@type\":\"WebPage\",\"@id\":\"https:\/\/sesameparaguay.com\/es\/sobre-nosotros\/\",\"url\":\"https:\/\/sesameparaguay.com\/es\/sobre-nosotros\/\",\"name\":\"Sobre nosotros - SesameParaguay.com\",\"isPartOf\":{\"@id\":\"https:\/\/sesameparaguay.com\/es\/#website\"},\"datePublished\":\"2022-02-24T05:03:32+00:00\",\"dateModified\":\"2024-06-21T14:30:14+00:00\",\"breadcrumb\":{\"@id\":\"https:\/\/sesameparaguay.com\/es\/sobre-nosotros\/#breadcrumb\"},\"inLanguage\":\"es\",\"potentialAction\":[{\"@type\":\"ReadAction\",\"target\":[\"https:\/\/sesameparaguay.com\/es\/sobre-nosotros\/\"]}]},{\"@type\":\"BreadcrumbList\",\"@id\":\"https:\/\/sesameparaguay.com\/es\/sobre-nosotros\/#breadcrumb\",\"itemListElement\":[{\"@type\":\"ListItem\",\"position\":1,\"name\":\"Home\",\"item\":\"https:\/\/sesameparaguay.com\/es\/\"},{\"@type\":\"ListItem\",\"position\":2,\"name\":\"Sobre nosotros\"}]},{\"@type\":\"WebSite\",\"@id\":\"https:\/\/sesameparaguay.com\/es\/#website\",\"url\":\"https:\/\/sesameparaguay.com\/es\/\",\"name\":\"SesameParaguay.com\",\"description\":\"Superior Sesame Seeds from Paraguay\",\"publisher\":{\"@id\":\"https:\/\/sesameparaguay.com\/es\/#organization\"},\"potentialAction\":[{\"@type\":\"SearchAction\",\"target\":{\"@type\":\"EntryPoint\",\"urlTemplate\":\"https:\/\/sesameparaguay.com\/es\/?s={search_term_string}\"},\"query-input\":{\"@type\":\"PropertyValueSpecification\",\"valueRequired\":true,\"valueName\":\"search_term_string\"}}],\"inLanguage\":\"es\"},{\"@type\":\"Organization\",\"@id\":\"https:\/\/sesameparaguay.com\/es\/#organization\",\"name\":\"SesameParaguay.com\",\"url\":\"https:\/\/sesameparaguay.com\/es\/\",\"logo\":{\"@type\":\"ImageObject\",\"inLanguage\":\"es\",\"@id\":\"https:\/\/sesameparaguay.com\/es\/#\/schema\/logo\/image\/\",\"url\":\"https:\/\/sesameparaguay.com\/wp-content\/uploads\/2024\/06\/cropped-sesame-seeds-paraguay-logo.png\",\"contentUrl\":\"https:\/\/sesameparaguay.com\/wp-content\/uploads\/2024\/06\/cropped-sesame-seeds-paraguay-logo.png\",\"width\":300,\"height\":126,\"caption\":\"SesameParaguay.com\"},\"image\":{\"@id\":\"https:\/\/sesameparaguay.com\/es\/#\/schema\/logo\/image\/\"},\"sameAs\":[\"https:\/\/www.facebook.com\/quebrachoexport\",\"https:\/\/www.linkedin.com\/company\/93223467\"]}]}<\/script>\n<!-- \/ Yoast SEO plugin. -->","yoast_head_json":{"title":"Sobre nosotros - SesameParaguay.com","robots":{"index":"index","follow":"follow","max-snippet":"max-snippet:-1","max-image-preview":"max-image-preview:large","max-video-preview":"max-video-preview:-1"},"canonical":"https:\/\/sesameparaguay.com\/es\/sobre-nosotros\/","og_locale":"es_ES","og_type":"article","og_title":"Sobre nosotros - SesameParaguay.com","og_description":"ABRAZANDO LA ESENCIA DEL S\u00c9SAMO PARAGUAYO: UNA HISTORIA DE EXCELENCIA Acerca de SesameParaguay.com Desde nuestra fundaci\u00f3n en 2000, SesameParaguay.com se ha convertido en un exportador l\u00edder de semillas de s\u00e9samo de primera calidad procedentes del coraz\u00f3n de Paraguay. Nuestro compromiso con la excelencia se extiende a los consumidores preocupados por la salud de Europa, EE.UU. &hellip; Sobre nosotros Leer m\u00e1s \u00bb","og_url":"https:\/\/sesameparaguay.com\/es\/sobre-nosotros\/","og_site_name":"SesameParaguay.com","article_publisher":"https:\/\/www.facebook.com\/quebrachoexport","article_modified_time":"2024-06-21T14:30:14+00:00","twitter_card":"summary_large_image","twitter_misc":{"Tiempo de lectura":"2 minutos"},"schema":{"@context":"https:\/\/schema.org","@graph":[{"@type":"WebPage","@id":"https:\/\/sesameparaguay.com\/es\/sobre-nosotros\/","url":"https:\/\/sesameparaguay.com\/es\/sobre-nosotros\/","name":"Sobre nosotros - SesameParaguay.com","isPartOf":{"@id":"https:\/\/sesameparaguay.com\/es\/#website"},"datePublished":"2022-02-24T05:03:32+00:00","dateModified":"2024-06-21T14:30:14+00:00","breadcrumb":{"@id":"https:\/\/sesameparaguay.com\/es\/sobre-nosotros\/#breadcrumb"},"inLanguage":"es","potentialAction":[{"@type":"ReadAction","target":["https:\/\/sesameparaguay.com\/es\/sobre-nosotros\/"]}]},{"@type":"BreadcrumbList","@id":"https:\/\/sesameparaguay.com\/es\/sobre-nosotros\/#breadcrumb","itemListElement":[{"@type":"ListItem","position":1,"name":"Home","item":"https:\/\/sesameparaguay.com\/es\/"},{"@type":"ListItem","position":2,"name":"Sobre nosotros"}]},{"@type":"WebSite","@id":"https:\/\/sesameparaguay.com\/es\/#website","url":"https:\/\/sesameparaguay.com\/es\/","name":"SesameParaguay.com","description":"Superior Sesame Seeds from Paraguay","publisher":{"@id":"https:\/\/sesameparaguay.com\/es\/#organization"},"potentialAction":[{"@type":"SearchAction","target":{"@type":"EntryPoint","urlTemplate":"https:\/\/sesameparaguay.com\/es\/?s={search_term_string}"},"query-input":{"@type":"PropertyValueSpecification","valueRequired":true,"valueName":"search_term_string"}}],"inLanguage":"es"},{"@type":"Organization","@id":"https:\/\/sesameparaguay.com\/es\/#organization","name":"SesameParaguay.com","url":"https:\/\/sesameparaguay.com\/es\/","logo":{"@type":"ImageObject","inLanguage":"es","@id":"https:\/\/sesameparaguay.com\/es\/#\/schema\/logo\/image\/","url":"https:\/\/sesameparaguay.com\/wp-content\/uploads\/2024\/06\/cropped-sesame-seeds-paraguay-logo.png","contentUrl":"https:\/\/sesameparaguay.com\/wp-content\/uploads\/2024\/06\/cropped-sesame-seeds-paraguay-logo.png","width":300,"height":126,"caption":"SesameParaguay.com"},"image":{"@id":"https:\/\/sesameparaguay.com\/es\/#\/schema\/logo\/image\/"},"sameAs":["https:\/\/www.facebook.com\/quebrachoexport","https:\/\/www.linkedin.com\/company\/93223467"]}]}},"uagb_featured_image_src":{"full":false,"thumbnail":false,"medium":false,"medium_large":false,"large":false,"1536x1536":false,"2048x2048":false},"uagb_author_info":{"display_name":"admin","author_link":"https:\/\/sesameparaguay.com\/es\/author\/admin\/"},"uagb_comment_info":0,"uagb_excerpt":"ABRAZANDO LA ESENCIA DEL S\u00c9SAMO PARAGUAYO: UNA HISTORIA DE EXCELENCIA Acerca de SesameParaguay.com Desde nuestra fundaci\u00f3n en 2000, SesameParaguay.com se ha convertido en un exportador l\u00edder de semillas de s\u00e9samo de primera calidad procedentes del coraz\u00f3n de Paraguay. Nuestro compromiso con la excelencia se extiende a los consumidores preocupados por la salud de Europa, EE.UU.&hellip;","_links":{"self":[{"href":"https:\/\/sesameparaguay.com\/es\/wp-json\/wp\/v2\/pages\/2419","targetHints":{"allow":["GET"]}}],"collection":[{"href":"https:\/\/sesameparaguay.com\/es\/wp-json\/wp\/v2\/pages"}],"about":[{"href":"https:\/\/sesameparaguay.com\/es\/wp-json\/wp\/v2\/types\/page"}],"author":[{"embeddable":true,"href":"https:\/\/sesameparaguay.com\/es\/wp-json\/wp\/v2\/users\/1"}],"replies":[{"embeddable":true,"href":"https:\/\/sesameparaguay.com\/es\/wp-json\/wp\/v2\/comments?post=2419"}],"version-history":[{"count":0,"href":"https:\/\/sesameparaguay.com\/es\/wp-json\/wp\/v2\/pages\/2419\/revisions"}],"wp:attachment":[{"href":"https:\/\/sesameparaguay.com\/es\/wp-json\/wp\/v2\/media?parent=2419"}],"curies":[{"name":"wp","href":"https:\/\/api.w.org\/{rel}","templated":true}]}}