{"id":2411,"date":"2022-02-24T05:02:56","date_gmt":"2022-02-24T05:02:56","guid":{"rendered":"https:\/\/sesameparaguay.com\/carbon-quebracho-blanco-de-primera-calidad-de-paraguay\/"},"modified":"2024-06-21T22:42:24","modified_gmt":"2024-06-21T22:42:24","slug":"carbon-quebracho-blanco-de-primera-calidad-de-paraguay","status":"publish","type":"page","link":"https:\/\/sesameparaguay.com\/es\/","title":{"rendered":"Semillas de s\u00e9samo paraguayo de primera calidad &#8211; Exportamos calidad a todo el mundo"},"content":{"rendered":"\n<div class=\"wp-block-uagb-container uagb-block-1f87dc6d alignfull uagb-is-root-container\"><div class=\"uagb-container-inner-blocks-wrap\">\n<div class=\"wp-block-uagb-info-box uagb-block-67c67dbc uagb-infobox__content-wrap  uagb-infobox-icon-above-title uagb-infobox-image-valign-top\"><div class=\"uagb-ifb-content\"><div class=\"uagb-ifb-title-wrap\"><h1 class=\"uagb-ifb-title\">Semillas de s\u00e9samo paraguayas de primera calidad, entregadas en todo el mundo<\/h1><\/div><p class=\"uagb-ifb-desc\">Semillas de s\u00e9samo excepcionales directamente de Paraguay<\/p><div class=\"uagb-ifb-button-wrapper wp-block-button\"><a href=\"https:\/\/sesameparaguay.com\/es\/contacto\/\" class=\"uagb-infobox-cta-link wp-block-button__link\" target=\"_self\" rel=\"noopener noreferrer\" onclick=\"return true;\"><span class=\"uagb-inline-editing\">Contacto<\/span><\/a><\/div><\/div><\/div>\n<\/div><\/div>\n\n<div class=\"wp-block-uagb-container uagb-block-be8c9955 alignfull uagb-is-root-container\"><div class=\"uagb-container-inner-blocks-wrap\">\n<div class=\"wp-block-uagb-advanced-heading uagb-block-b6eb6c32\"><h2 class=\"uagb-heading-text\"><strong>UNA HERENCIA DE CALIDAD EN LAS SEMILLAS DE S\u00c9SAMO DE PARAGUAY<\/strong><\/h2><\/div>\n\n\n\n<p><strong>Acerca de SesameParaguay.com: Tu fuente de semillas de s\u00e9samo de primera calidad<\/strong><\/p>\n\n\n\n<p>Desde nuestra fundaci\u00f3n en 2000, SesameParaguay.com se ha convertido en un destacado exportador de semillas de s\u00e9samo de alta calidad de Paraguay. Nuestro compromiso con la excelencia impulsa nuestra misi\u00f3n, garantizando que cada lote de semillas de s\u00e9samo que exportamos mantenga todo el espectro de beneficios nutricionales asociados a este extraordinario superalimento.<\/p>\n\n\n\n<p><strong>\u00bfPor qu\u00e9 elegir SesameParaguay.com?<\/strong><\/p>\n\n\n\n<ol class=\"wp-block-list\" start=\"1\">\n<li><strong>Calidad impecable:<\/strong> En SesameParaguay.com priorizamos la calidad impecable de las semillas de s\u00e9samo paraguayas. Nuestras semillas se cultivan, cosechan y procesan cuidadosamente para conservar su bondad natural. Ricas en \u00e1cidos grasos omega-3, fibra y minerales esenciales, nuestras semillas de s\u00e9samo contribuyen a un estilo de vida saludable.<\/li>\n\n\n\n<li><strong>Condiciones ideales de cultivo:<\/strong> El clima \u00fanico de Paraguay y sus suelos f\u00e9rtiles proporcionan el entorno perfecto para cultivar semillas de s\u00e9samo de primera calidad. Nuestras semillas prosperan en estas condiciones \u00f3ptimas, lo que da como resultado un sabor y un contenido nutricional excepcionales.<\/li>\n\n\n\n<li><strong>Vers\u00e1tiles y nutritivas:<\/strong> Tanto si las incorporas a tu dieta diaria como si las utilizas como ingrediente vers\u00e1til en tus recetas favoritas, nuestras semillas de s\u00e9samo a\u00f1aden un impulso nutritivo a cualquier comida. Desde ensaladas y salteados hasta productos horneados y para untar, las posibilidades son infinitas.<\/li>\n\n\n\n<li><strong>Sostenibilidad y Calidad:<\/strong> SesameParaguay.com destaca en el sector por nuestro compromiso inquebrantable con la sostenibilidad y la calidad. Las rigurosas medidas de control de calidad garantizan que nuestras semillas de s\u00e9samo cumplen y superan las normas internacionales, proporcionando tranquilidad a nuestros clientes.<\/li>\n\n\n\n<li><strong>Herencia y pasi\u00f3n:<\/strong> Estamos orgullosos de nuestra herencia paraguaya y nos impulsa una aut\u00e9ntica pasi\u00f3n por la salud y el bienestar. SesameParaguay.com se dedica a compartir con el mundo las mejores semillas de s\u00e9samo del coraz\u00f3n de Sudam\u00e9rica.<\/li>\n<\/ol>\n\n\n\n<p>Descubre la diferencia con SesameParaguay.com y eleva tu experiencia culinaria con nuestras semillas de s\u00e9samo de primera calidad.<\/p>\n\n\n\n<p><\/p>\n\n\n\n<p><\/p>\n\n\n\n<div class=\"wp-block-uagb-container uagb-block-55eb0d65\">\n<div class=\"wp-block-uagb-container uagb-block-afd2b76a\">\n<div class=\"wp-block-uagb-info-box uagb-block-73fb5bac uagb-infobox__content-wrap  uagb-infobox-icon-above-title uagb-infobox-image-valign-top\"><div class=\"uagb-ifb-content\"><div class=\"uagb-ifb-image-content\"><img decoding=\"async\" data-src=\"https:\/\/sesameparaguay.com\/wp-content\/uploads\/2024\/06\/Sin-titulo.png\" alt=\"\" width=\"500\" height=\"536\" src=\"data:image\/svg+xml;base64,PHN2ZyB3aWR0aD0iMSIgaGVpZ2h0PSIxIiB4bWxucz0iaHR0cDovL3d3dy53My5vcmcvMjAwMC9zdmciPjwvc3ZnPg==\" class=\"lazyload\" style=\"--smush-placeholder-width: 500px; --smush-placeholder-aspect-ratio: 500\/536;\" \/><\/div><div class=\"uagb-ifb-title-wrap\"><h3 class=\"uagb-ifb-title\">Env\u00edos internacionales<\/h3><\/div><p class=\"uagb-ifb-desc\">Llevamos las mejores semillas de s\u00e9samo paraguayas a todos los rincones del mundo.<br\/><br\/>Nuestras semillas de s\u00e9samo de primera calidad llegan en perfectas condiciones.<br\/><br\/>  Listo para mejorar su salud y su experiencia culinaria.<br\/><br\/><br\/><br\/><\/p><\/div><\/div>\n<\/div>\n\n\n\n<div class=\"wp-block-columns is-layout-flex wp-container-core-columns-is-layout-28f84493 wp-block-columns-is-layout-flex\">\n<div class=\"wp-block-column is-layout-flow wp-block-column-is-layout-flow\" style=\"flex-basis:100%\">\n<div class=\"wp-block-uagb-info-box uagb-block-6727b895 uagb-infobox__content-wrap  uagb-infobox-icon-above-title uagb-infobox-image-valign-top\"><div class=\"uagb-ifb-content\"><div class=\"uagb-ifb-image-content\"><img decoding=\"async\" data-src=\"https:\/\/sesameparaguay.com\/wp-content\/uploads\/2024\/06\/Eco-friendly-icon-Graphics-71340541-1-1-580x399-2.jpg\" alt=\"\" width=\"500\" height=\"498\" src=\"data:image\/svg+xml;base64,PHN2ZyB3aWR0aD0iMSIgaGVpZ2h0PSIxIiB4bWxucz0iaHR0cDovL3d3dy53My5vcmcvMjAwMC9zdmciPjwvc3ZnPg==\" class=\"lazyload\" style=\"--smush-placeholder-width: 500px; --smush-placeholder-aspect-ratio: 500\/498;\" \/><\/div><div class=\"uagb-ifb-title-wrap\"><h3 class=\"uagb-ifb-title\">Origen sostenible<\/h3><\/div><p class=\"uagb-ifb-desc\">  Comprometidos con el medio ambiente.<br\/><br\/>Utilizaci\u00f3n de m\u00e9todos que respeten y preserven el ecosistema natural.<br\/><br\/>Respetuoso con la salud de nuestro planeta.<\/p><\/div><\/div>\n\n\n\n<div class=\"wp-block-uagb-container uagb-block-268a7584\"><\/div>\n<\/div>\n<\/div>\n\n\n\n<div class=\"wp-block-uagb-container uagb-block-fe23a21b\">\n<div class=\"wp-block-uagb-info-box uagb-block-8ff5933f uagb-infobox__content-wrap  uagb-infobox-icon-above-title uagb-infobox-image-valign-top\"><div class=\"uagb-ifb-content\"><div class=\"uagb-ifb-image-content\"><img decoding=\"async\" data-src=\"https:\/\/sesameparaguay.com\/wp-content\/uploads\/2024\/06\/WhatsApp-Image-2024-06-13-at-16.48.48-1.jpeg\" alt=\"\" width=\"500\" height=\"500\" src=\"data:image\/svg+xml;base64,PHN2ZyB3aWR0aD0iMSIgaGVpZ2h0PSIxIiB4bWxucz0iaHR0cDovL3d3dy53My5vcmcvMjAwMC9zdmciPjwvc3ZnPg==\" class=\"lazyload\" style=\"--smush-placeholder-width: 500px; --smush-placeholder-aspect-ratio: 500\/500;\" \/><\/div><div class=\"uagb-ifb-title-wrap\"><h3 class=\"uagb-ifb-title\">Normas de alta calidad<\/h3><\/div><p class=\"uagb-ifb-desc\">De nuestra agricultura sostenible en la f\u00e9rtil tierra de Paraguay.<br\/><br\/>Cuidadoso proceso de envasado.<br\/>Garantizamos que cada semilla de s\u00e9samo es pura, nutritiva y fresca.<br\/><br\/>Cuidadosamente seleccionados y cultivados, le garantizan un producto que mejora su salud y bienestar.<\/p><\/div><\/div>\n<\/div>\n<\/div>\n<\/div><\/div>\n\n<div class=\"wp-block-uagb-container uagb-block-bb041ae5 alignfull uagb-is-root-container\"><div class=\"uagb-container-inner-blocks-wrap\">\n<div class=\"wp-block-uagb-info-box uagb-block-467524e0 uagb-infobox__content-wrap  uagb-infobox-icon-above-title uagb-infobox-image-valign-top\"><div class=\"uagb-ifb-content\"><div class=\"uagb-ifb-title-wrap\"><h5 class=\"uagb-ifb-title\">\u00bfPREGUNTAS?<\/h5><\/div><p class=\"uagb-ifb-desc\">Cont\u00e1ctenos hoy para obtener m\u00e1s informaci\u00f3n sobre nuestras semillas de s\u00e9samo premium y opciones de precios..<\/p><div class=\"uagb-ifb-button-wrapper wp-block-button\"><a href=\"https:\/\/sesameparaguay.com\/es\/contacto\/\" class=\"uagb-infobox-cta-link wp-block-button__link\" target=\"_self\" rel=\"noopener noreferrer\" onclick=\"return true;\"><span class=\"uagb-inline-editing\">Solicitar presupuesto<\/span><\/a><\/div><\/div><\/div>\n<\/div><\/div>\n","protected":false},"excerpt":{"rendered":"<p>UNA HERENCIA DE CALIDAD EN LAS SEMILLAS DE S\u00c9SAMO DE PARAGUAY Acerca de SesameParaguay.com: Tu fuente de semillas de s\u00e9samo de primera calidad Desde nuestra fundaci\u00f3n en 2000, SesameParaguay.com se ha convertido en un destacado exportador de semillas de s\u00e9samo de alta calidad de Paraguay. Nuestro compromiso con la excelencia impulsa nuestra misi\u00f3n, garantizando que &hellip;<\/p>\n<p class=\"read-more\"> <a class=\"\" href=\"https:\/\/sesameparaguay.com\/es\/\"> <span class=\"screen-reader-text\">Semillas de s\u00e9samo paraguayo de primera calidad &#8211; Exportamos calidad a todo el mundo<\/span> Leer m\u00e1s \u00bb<\/a><\/p>\n","protected":false},"author":1,"featured_media":4137,"parent":0,"menu_order":0,"comment_status":"closed","ping_status":"closed","template":"","meta":{"_uag_custom_page_level_css":"","_sitemap_exclude":false,"_sitemap_priority":"","_sitemap_frequency":"","site-sidebar-layout":"no-sidebar","site-content-layout":"page-builder","ast-global-header-display":"","ast-main-header-display":"","ast-hfb-above-header-display":"","ast-hfb-below-header-display":"","ast-hfb-mobile-header-display":"","site-post-title":"disabled","ast-breadcrumbs-content":"","ast-featured-img":"disabled","footer-sml-layout":"","theme-transparent-header-meta":"disabled","adv-header-id-meta":"","stick-header-meta":"","header-above-stick-meta":"","header-main-stick-meta":"","header-below-stick-meta":"","footnotes":""},"class_list":["post-2411","page","type-page","status-publish","has-post-thumbnail","hentry"],"yoast_head":"<!-- This site is optimized with the Yoast SEO plugin v27.2 - https:\/\/yoast.com\/product\/yoast-seo-wordpress\/ -->\n<title>Semillas de s\u00e9samo paraguayo de primera calidad - Exportamos calidad a todo el mundo<\/title>\n<meta name=\"description\" content=\"Exportador de las mejores semillas de sesamo org\u00e1nico de Paraguay. Ricos en nutrientes, recolectados de forma sostenible y distribuidos por todo el mundo para su salud y bienestar. Experimente las bondades naturales de nuestra s\u00e9samo paraguayo.\" \/>\n<meta name=\"robots\" content=\"index, follow, max-snippet:-1, max-image-preview:large, max-video-preview:-1\" \/>\n<link rel=\"canonical\" href=\"https:\/\/sesameparaguay.com\/es\/\" \/>\n<meta property=\"og:locale\" content=\"es_ES\" \/>\n<meta property=\"og:type\" content=\"article\" \/>\n<meta property=\"og:title\" content=\"Semillas de s\u00e9samo paraguayo de primera calidad - Exportamos calidad a todo el mundo\" \/>\n<meta property=\"og:description\" content=\"Exportador de las mejores semillas de sesamo org\u00e1nico de Paraguay. Ricos en nutrientes, recolectados de forma sostenible y distribuidos por todo el mundo para su salud y bienestar. Experimente las bondades naturales de nuestra s\u00e9samo paraguayo.\" \/>\n<meta property=\"og:url\" content=\"https:\/\/sesameparaguay.com\/es\/\" \/>\n<meta property=\"og:site_name\" content=\"SesameParaguay.com\" \/>\n<meta property=\"article:publisher\" content=\"https:\/\/www.facebook.com\/quebrachoexport\" \/>\n<meta property=\"article:modified_time\" content=\"2024-06-21T22:42:24+00:00\" \/>\n<meta property=\"og:image\" content=\"https:\/\/sesameparaguay.com\/wp-content\/uploads\/2024\/06\/Sin-titulo.png\" \/>\n<meta name=\"twitter:card\" content=\"summary_large_image\" \/>\n<meta name=\"twitter:label1\" content=\"Tiempo de lectura\" \/>\n\t<meta name=\"twitter:data1\" content=\"2 minutos\" \/>\n<script type=\"application\/ld+json\" class=\"yoast-schema-graph\">{\"@context\":\"https:\/\/schema.org\",\"@graph\":[{\"@type\":\"WebPage\",\"@id\":\"https:\/\/sesameparaguay.com\/es\/\",\"url\":\"https:\/\/sesameparaguay.com\/es\/\",\"name\":\"Semillas de s\u00e9samo paraguayo de primera calidad - Exportamos calidad a todo el mundo\",\"isPartOf\":{\"@id\":\"https:\/\/sesameparaguay.com\/es\/#website\"},\"primaryImageOfPage\":{\"@id\":\"https:\/\/sesameparaguay.com\/es\/#primaryimage\"},\"image\":{\"@id\":\"https:\/\/sesameparaguay.com\/es\/#primaryimage\"},\"thumbnailUrl\":\"https:\/\/sesameparaguay.com\/wp-content\/uploads\/2024\/07\/sesame-seeds-paraguay.jpeg\",\"datePublished\":\"2022-02-24T05:02:56+00:00\",\"dateModified\":\"2024-06-21T22:42:24+00:00\",\"description\":\"Exportador de las mejores semillas de sesamo org\u00e1nico de Paraguay. Ricos en nutrientes, recolectados de forma sostenible y distribuidos por todo el mundo para su salud y bienestar. Experimente las bondades naturales de nuestra s\u00e9samo paraguayo.\",\"breadcrumb\":{\"@id\":\"https:\/\/sesameparaguay.com\/es\/#breadcrumb\"},\"inLanguage\":\"es\",\"potentialAction\":[{\"@type\":\"ReadAction\",\"target\":[\"https:\/\/sesameparaguay.com\/es\/\"]}]},{\"@type\":\"ImageObject\",\"inLanguage\":\"es\",\"@id\":\"https:\/\/sesameparaguay.com\/es\/#primaryimage\",\"url\":\"https:\/\/sesameparaguay.com\/wp-content\/uploads\/2024\/07\/sesame-seeds-paraguay.jpeg\",\"contentUrl\":\"https:\/\/sesameparaguay.com\/wp-content\/uploads\/2024\/07\/sesame-seeds-paraguay.jpeg\",\"width\":244,\"height\":207,\"caption\":\"sesame-seeds-paraguay\"},{\"@type\":\"BreadcrumbList\",\"@id\":\"https:\/\/sesameparaguay.com\/es\/#breadcrumb\",\"itemListElement\":[{\"@type\":\"ListItem\",\"position\":1,\"name\":\"Home\",\"item\":\"https:\/\/sesameparaguay.com\/es\/\"},{\"@type\":\"ListItem\",\"position\":2,\"name\":\"Semillas de s\u00e9samo paraguayo de primera calidad &#8211; Exportamos calidad a todo el mundo\"}]},{\"@type\":\"WebSite\",\"@id\":\"https:\/\/sesameparaguay.com\/es\/#website\",\"url\":\"https:\/\/sesameparaguay.com\/es\/\",\"name\":\"SesameParaguay.com\",\"description\":\"Superior Sesame Seeds from Paraguay\",\"publisher\":{\"@id\":\"https:\/\/sesameparaguay.com\/es\/#organization\"},\"potentialAction\":[{\"@type\":\"SearchAction\",\"target\":{\"@type\":\"EntryPoint\",\"urlTemplate\":\"https:\/\/sesameparaguay.com\/es\/?s={search_term_string}\"},\"query-input\":{\"@type\":\"PropertyValueSpecification\",\"valueRequired\":true,\"valueName\":\"search_term_string\"}}],\"inLanguage\":\"es\"},{\"@type\":\"Organization\",\"@id\":\"https:\/\/sesameparaguay.com\/es\/#organization\",\"name\":\"SesameParaguay.com\",\"url\":\"https:\/\/sesameparaguay.com\/es\/\",\"logo\":{\"@type\":\"ImageObject\",\"inLanguage\":\"es\",\"@id\":\"https:\/\/sesameparaguay.com\/es\/#\/schema\/logo\/image\/\",\"url\":\"https:\/\/sesameparaguay.com\/wp-content\/uploads\/2024\/06\/cropped-sesame-seeds-paraguay-logo.png\",\"contentUrl\":\"https:\/\/sesameparaguay.com\/wp-content\/uploads\/2024\/06\/cropped-sesame-seeds-paraguay-logo.png\",\"width\":300,\"height\":126,\"caption\":\"SesameParaguay.com\"},\"image\":{\"@id\":\"https:\/\/sesameparaguay.com\/es\/#\/schema\/logo\/image\/\"},\"sameAs\":[\"https:\/\/www.facebook.com\/quebrachoexport\",\"https:\/\/www.linkedin.com\/company\/93223467\"]}]}<\/script>\n<!-- \/ Yoast SEO plugin. -->","yoast_head_json":{"title":"Semillas de s\u00e9samo paraguayo de primera calidad - Exportamos calidad a todo el mundo","description":"Exportador de las mejores semillas de sesamo org\u00e1nico de Paraguay. Ricos en nutrientes, recolectados de forma sostenible y distribuidos por todo el mundo para su salud y bienestar. Experimente las bondades naturales de nuestra s\u00e9samo paraguayo.","robots":{"index":"index","follow":"follow","max-snippet":"max-snippet:-1","max-image-preview":"max-image-preview:large","max-video-preview":"max-video-preview:-1"},"canonical":"https:\/\/sesameparaguay.com\/es\/","og_locale":"es_ES","og_type":"article","og_title":"Semillas de s\u00e9samo paraguayo de primera calidad - Exportamos calidad a todo el mundo","og_description":"Exportador de las mejores semillas de sesamo org\u00e1nico de Paraguay. Ricos en nutrientes, recolectados de forma sostenible y distribuidos por todo el mundo para su salud y bienestar. Experimente las bondades naturales de nuestra s\u00e9samo paraguayo.","og_url":"https:\/\/sesameparaguay.com\/es\/","og_site_name":"SesameParaguay.com","article_publisher":"https:\/\/www.facebook.com\/quebrachoexport","article_modified_time":"2024-06-21T22:42:24+00:00","og_image":[{"url":"https:\/\/sesameparaguay.com\/wp-content\/uploads\/2024\/06\/Sin-titulo.png","type":"","width":"","height":""}],"twitter_card":"summary_large_image","twitter_misc":{"Tiempo de lectura":"2 minutos"},"schema":{"@context":"https:\/\/schema.org","@graph":[{"@type":"WebPage","@id":"https:\/\/sesameparaguay.com\/es\/","url":"https:\/\/sesameparaguay.com\/es\/","name":"Semillas de s\u00e9samo paraguayo de primera calidad - Exportamos calidad a todo el mundo","isPartOf":{"@id":"https:\/\/sesameparaguay.com\/es\/#website"},"primaryImageOfPage":{"@id":"https:\/\/sesameparaguay.com\/es\/#primaryimage"},"image":{"@id":"https:\/\/sesameparaguay.com\/es\/#primaryimage"},"thumbnailUrl":"https:\/\/sesameparaguay.com\/wp-content\/uploads\/2024\/07\/sesame-seeds-paraguay.jpeg","datePublished":"2022-02-24T05:02:56+00:00","dateModified":"2024-06-21T22:42:24+00:00","description":"Exportador de las mejores semillas de sesamo org\u00e1nico de Paraguay. Ricos en nutrientes, recolectados de forma sostenible y distribuidos por todo el mundo para su salud y bienestar. Experimente las bondades naturales de nuestra s\u00e9samo paraguayo.","breadcrumb":{"@id":"https:\/\/sesameparaguay.com\/es\/#breadcrumb"},"inLanguage":"es","potentialAction":[{"@type":"ReadAction","target":["https:\/\/sesameparaguay.com\/es\/"]}]},{"@type":"ImageObject","inLanguage":"es","@id":"https:\/\/sesameparaguay.com\/es\/#primaryimage","url":"https:\/\/sesameparaguay.com\/wp-content\/uploads\/2024\/07\/sesame-seeds-paraguay.jpeg","contentUrl":"https:\/\/sesameparaguay.com\/wp-content\/uploads\/2024\/07\/sesame-seeds-paraguay.jpeg","width":244,"height":207,"caption":"sesame-seeds-paraguay"},{"@type":"BreadcrumbList","@id":"https:\/\/sesameparaguay.com\/es\/#breadcrumb","itemListElement":[{"@type":"ListItem","position":1,"name":"Home","item":"https:\/\/sesameparaguay.com\/es\/"},{"@type":"ListItem","position":2,"name":"Semillas de s\u00e9samo paraguayo de primera calidad &#8211; Exportamos calidad a todo el mundo"}]},{"@type":"WebSite","@id":"https:\/\/sesameparaguay.com\/es\/#website","url":"https:\/\/sesameparaguay.com\/es\/","name":"SesameParaguay.com","description":"Superior Sesame Seeds from Paraguay","publisher":{"@id":"https:\/\/sesameparaguay.com\/es\/#organization"},"potentialAction":[{"@type":"SearchAction","target":{"@type":"EntryPoint","urlTemplate":"https:\/\/sesameparaguay.com\/es\/?s={search_term_string}"},"query-input":{"@type":"PropertyValueSpecification","valueRequired":true,"valueName":"search_term_string"}}],"inLanguage":"es"},{"@type":"Organization","@id":"https:\/\/sesameparaguay.com\/es\/#organization","name":"SesameParaguay.com","url":"https:\/\/sesameparaguay.com\/es\/","logo":{"@type":"ImageObject","inLanguage":"es","@id":"https:\/\/sesameparaguay.com\/es\/#\/schema\/logo\/image\/","url":"https:\/\/sesameparaguay.com\/wp-content\/uploads\/2024\/06\/cropped-sesame-seeds-paraguay-logo.png","contentUrl":"https:\/\/sesameparaguay.com\/wp-content\/uploads\/2024\/06\/cropped-sesame-seeds-paraguay-logo.png","width":300,"height":126,"caption":"SesameParaguay.com"},"image":{"@id":"https:\/\/sesameparaguay.com\/es\/#\/schema\/logo\/image\/"},"sameAs":["https:\/\/www.facebook.com\/quebrachoexport","https:\/\/www.linkedin.com\/company\/93223467"]}]}},"uagb_featured_image_src":{"full":["https:\/\/sesameparaguay.com\/wp-content\/uploads\/2024\/07\/sesame-seeds-paraguay.jpeg",244,207,false],"thumbnail":["https:\/\/sesameparaguay.com\/wp-content\/uploads\/2024\/07\/sesame-seeds-paraguay-150x150.jpeg",150,150,true],"medium":["https:\/\/sesameparaguay.com\/wp-content\/uploads\/2024\/07\/sesame-seeds-paraguay.jpeg",244,207,false],"medium_large":["https:\/\/sesameparaguay.com\/wp-content\/uploads\/2024\/07\/sesame-seeds-paraguay.jpeg",244,207,false],"large":["https:\/\/sesameparaguay.com\/wp-content\/uploads\/2024\/07\/sesame-seeds-paraguay.jpeg",244,207,false],"1536x1536":["https:\/\/sesameparaguay.com\/wp-content\/uploads\/2024\/07\/sesame-seeds-paraguay.jpeg",244,207,false],"2048x2048":["https:\/\/sesameparaguay.com\/wp-content\/uploads\/2024\/07\/sesame-seeds-paraguay.jpeg",244,207,false]},"uagb_author_info":{"display_name":"admin","author_link":"https:\/\/sesameparaguay.com\/es\/author\/admin\/"},"uagb_comment_info":0,"uagb_excerpt":"UNA HERENCIA DE CALIDAD EN LAS SEMILLAS DE S\u00c9SAMO DE PARAGUAY Acerca de SesameParaguay.com: Tu fuente de semillas de s\u00e9samo de primera calidad Desde nuestra fundaci\u00f3n en 2000, SesameParaguay.com se ha convertido en un destacado exportador de semillas de s\u00e9samo de alta calidad de Paraguay. Nuestro compromiso con la excelencia impulsa nuestra misi\u00f3n, garantizando que&hellip;","_links":{"self":[{"href":"https:\/\/sesameparaguay.com\/es\/wp-json\/wp\/v2\/pages\/2411","targetHints":{"allow":["GET"]}}],"collection":[{"href":"https:\/\/sesameparaguay.com\/es\/wp-json\/wp\/v2\/pages"}],"about":[{"href":"https:\/\/sesameparaguay.com\/es\/wp-json\/wp\/v2\/types\/page"}],"author":[{"embeddable":true,"href":"https:\/\/sesameparaguay.com\/es\/wp-json\/wp\/v2\/users\/1"}],"replies":[{"embeddable":true,"href":"https:\/\/sesameparaguay.com\/es\/wp-json\/wp\/v2\/comments?post=2411"}],"version-history":[{"count":0,"href":"https:\/\/sesameparaguay.com\/es\/wp-json\/wp\/v2\/pages\/2411\/revisions"}],"wp:featuredmedia":[{"embeddable":true,"href":"https:\/\/sesameparaguay.com\/es\/wp-json\/wp\/v2\/media\/4137"}],"wp:attachment":[{"href":"https:\/\/sesameparaguay.com\/es\/wp-json\/wp\/v2\/media?parent=2411"}],"curies":[{"name":"wp","href":"https:\/\/api.w.org\/{rel}","templated":true}]}}