{"id":2418,"date":"2022-02-24T05:03:32","date_gmt":"2022-02-24T05:03:32","guid":{"rendered":"https:\/\/sesameparaguay.com\/ueber-uns\/"},"modified":"2024-06-21T17:24:46","modified_gmt":"2024-06-21T17:24:46","slug":"ueber-uns","status":"publish","type":"page","link":"https:\/\/sesameparaguay.com\/de\/ueber-uns\/","title":{"rendered":"\u00dcber uns"},"content":{"rendered":"\n<div class=\"wp-block-uagb-container uagb-block-47366506 alignfull uagb-is-root-container\"><div class=\"uagb-container-inner-blocks-wrap\">\n<div class=\"wp-block-uagb-advanced-heading uagb-block-d97bb5be\"><h2 class=\"uagb-heading-text\"><strong>DIE ESSENZ DES PARAGUAYISCHEN SESAMS UMARMEN: EINE GESCHICHTE DER EXZELLENZ<\/strong><\/h2><\/div>\n\n\n\n<p><\/p>\n\n\n\n<p><strong>\u00dcber SesameParaguay.com<\/strong><\/p>\n\n\n\n<p>Seit unserer Gr\u00fcndung im Jahr 2000 hat sich SesameParaguay.com zu einem f\u00fchrenden Exporteur von hochwertigen Sesamsamen aus dem Herzen Paraguays entwickelt. Unser Engagement f\u00fcr hervorragende Qualit\u00e4t erstreckt sich auf gesundheitsbewusste Verbraucher in Europa, den USA und verschiedenen globalen M\u00e4rkten.<\/p>\n\n\n\n<p><strong>Unsere Geschichte<\/strong><\/p>\n\n\n\n<p>Wir von SesameParaguay.com haben es uns zur Aufgabe gemacht, die besten, biologisch angebauten Sesamsamen zu liefern. Unser Ethos dreht sich um Qualit\u00e4t. Wir stellen sicher, dass jede von uns gelieferte Charge das gesamte Spektrum der ern\u00e4hrungsphysiologischen Vorteile von Sesamsamen verk\u00f6rpert. Dazu geh\u00f6ren ein hoher Gehalt an Omega-3-Fetts\u00e4uren, reichlich Ballaststoffe und eine Vielzahl an essentiellen Mineralien. Unsere Sesamsamen werden mit umweltfreundlichen landwirtschaftlichen Methoden angebaut und bewahren so ihre nat\u00fcrliche Reinheit und Authentizit\u00e4t.<\/p>\n\n\n\n<p><strong>Der paraguayische Vorteil<\/strong><\/p>\n\n\n\n<p>Die einzigartigen klimatischen Bedingungen und der fruchtbare Boden Paraguays schaffen ein ideales Umfeld f\u00fcr den Anbau von exquisiten Sesamsamen. Durch sorgf\u00e4ltige Auswahl bieten wir nur die besten Samen an, die f\u00fcr ihren hohen N\u00e4hrwert und ihren besonderen Geschmack bekannt sind. Ob als nahrhafte Erg\u00e4nzung zu einer gesunden Ern\u00e4hrung oder als dynamische Zutat in kulinarischen Kreationen, unsere Sesamsamen verleihen jedem Gericht eine gesunde Note.<\/p>\n\n\n\n<p><strong>Unser Unterscheidungsmerkmal<\/strong><\/p>\n\n\n\n<p>Was SesameParaguay.com von anderen unterscheidet, ist unser unersch\u00fctterliches Engagement f\u00fcr Nachhaltigkeit und Qualit\u00e4t. Strenge Qualit\u00e4tssicherungsprotokolle gew\u00e4hrleisten, dass unsere Sesamsamen die internationalen Standards \u00fcbertreffen. Sie haben nicht nur eine hohe N\u00e4hrstoffdichte, sondern zeichnen sich auch durch ihren Geschmack und ihre Textur aus, was sie von anderen Wettbewerbern auf dem Markt abhebt.  <\/p>\n\n\n\n<p>Wir sind stolz auf unser paraguayisches Erbe und sind der einzige Produzent und Exporteur von Confitero-Sesam (handgeerntet) und maschinell geerntetem Sesam in der Welt. Unser Engagement f\u00fcr Qualit\u00e4t und Exzellenz zeichnet uns als Marktf\u00fchrer in diesem Bereich aus. Entdecken Sie das au\u00dfergew\u00f6hnliche Angebot von SesameParaguay.com und bereichern Sie Ihre Ern\u00e4hrung mit hochwertigem Sesam, der direkt in den \u00fcppigen Landschaften S\u00fcdamerikas angebaut wird.<\/p>\n\n\n\n<p><\/p>\n\n\n\n<p><\/p>\n<\/div><\/div>\n","protected":false},"excerpt":{"rendered":"<p>DIE ESSENZ DES PARAGUAYISCHEN SESAMS UMARMEN: EINE GESCHICHTE DER EXZELLENZ \u00dcber SesameParaguay.com Seit unserer Gr\u00fcndung im Jahr 2000 hat sich SesameParaguay.com zu einem f\u00fchrenden Exporteur von hochwertigen Sesamsamen aus dem Herzen Paraguays entwickelt. Unser Engagement f\u00fcr hervorragende Qualit\u00e4t erstreckt sich auf gesundheitsbewusste Verbraucher in Europa, den USA und verschiedenen globalen M\u00e4rkten. Unsere Geschichte Wir von &hellip;<\/p>\n<p class=\"read-more\"> <a class=\"\" href=\"https:\/\/sesameparaguay.com\/de\/ueber-uns\/\"> <span class=\"screen-reader-text\">\u00dcber uns<\/span> Read More \u00bb<\/a><\/p>\n","protected":false},"author":1,"featured_media":0,"parent":0,"menu_order":0,"comment_status":"closed","ping_status":"closed","template":"","meta":{"_uag_custom_page_level_css":"","_sitemap_exclude":false,"_sitemap_priority":"","_sitemap_frequency":"","site-sidebar-layout":"no-sidebar","site-content-layout":"page-builder","ast-global-header-display":"","ast-main-header-display":"","ast-hfb-above-header-display":"","ast-hfb-below-header-display":"","ast-hfb-mobile-header-display":"","site-post-title":"disabled","ast-breadcrumbs-content":"","ast-featured-img":"disabled","footer-sml-layout":"","theme-transparent-header-meta":"enabled","adv-header-id-meta":"","stick-header-meta":"","header-above-stick-meta":"","header-main-stick-meta":"","header-below-stick-meta":"","footnotes":""},"class_list":["post-2418","page","type-page","status-publish","hentry"],"yoast_head":"<!-- This site is optimized with the Yoast SEO plugin v27.2 - https:\/\/yoast.com\/product\/yoast-seo-wordpress\/ -->\n<title>\u00dcber uns - SesameParaguay.com<\/title>\n<meta name=\"robots\" content=\"index, follow, max-snippet:-1, max-image-preview:large, max-video-preview:-1\" \/>\n<link rel=\"canonical\" href=\"https:\/\/sesameparaguay.com\/de\/ueber-uns\/\" \/>\n<meta property=\"og:locale\" content=\"de_DE\" \/>\n<meta property=\"og:type\" content=\"article\" \/>\n<meta property=\"og:title\" content=\"\u00dcber uns - SesameParaguay.com\" \/>\n<meta property=\"og:description\" content=\"DIE ESSENZ DES PARAGUAYISCHEN SESAMS UMARMEN: EINE GESCHICHTE DER EXZELLENZ \u00dcber SesameParaguay.com Seit unserer Gr\u00fcndung im Jahr 2000 hat sich SesameParaguay.com zu einem f\u00fchrenden Exporteur von hochwertigen Sesamsamen aus dem Herzen Paraguays entwickelt. Unser Engagement f\u00fcr hervorragende Qualit\u00e4t erstreckt sich auf gesundheitsbewusste Verbraucher in Europa, den USA und verschiedenen globalen M\u00e4rkten. Unsere Geschichte Wir von &hellip; \u00dcber uns Read More \u00bb\" \/>\n<meta property=\"og:url\" content=\"https:\/\/sesameparaguay.com\/de\/ueber-uns\/\" \/>\n<meta property=\"og:site_name\" content=\"SesameParaguay.com\" \/>\n<meta property=\"article:publisher\" content=\"https:\/\/www.facebook.com\/quebrachoexport\" \/>\n<meta property=\"article:modified_time\" content=\"2024-06-21T17:24:46+00:00\" \/>\n<meta name=\"twitter:card\" content=\"summary_large_image\" \/>\n<meta name=\"twitter:label1\" content=\"Gesch\u00e4tzte Lesezeit\" \/>\n\t<meta name=\"twitter:data1\" content=\"2\u00a0Minuten\" \/>\n<script type=\"application\/ld+json\" class=\"yoast-schema-graph\">{\"@context\":\"https:\/\/schema.org\",\"@graph\":[{\"@type\":\"WebPage\",\"@id\":\"https:\/\/sesameparaguay.com\/de\/ueber-uns\/\",\"url\":\"https:\/\/sesameparaguay.com\/de\/ueber-uns\/\",\"name\":\"\u00dcber uns - SesameParaguay.com\",\"isPartOf\":{\"@id\":\"https:\/\/sesameparaguay.com\/de\/#website\"},\"datePublished\":\"2022-02-24T05:03:32+00:00\",\"dateModified\":\"2024-06-21T17:24:46+00:00\",\"breadcrumb\":{\"@id\":\"https:\/\/sesameparaguay.com\/de\/ueber-uns\/#breadcrumb\"},\"inLanguage\":\"de\",\"potentialAction\":[{\"@type\":\"ReadAction\",\"target\":[\"https:\/\/sesameparaguay.com\/de\/ueber-uns\/\"]}]},{\"@type\":\"BreadcrumbList\",\"@id\":\"https:\/\/sesameparaguay.com\/de\/ueber-uns\/#breadcrumb\",\"itemListElement\":[{\"@type\":\"ListItem\",\"position\":1,\"name\":\"Home\",\"item\":\"https:\/\/sesameparaguay.com\/de\/\"},{\"@type\":\"ListItem\",\"position\":2,\"name\":\"\u00dcber uns\"}]},{\"@type\":\"WebSite\",\"@id\":\"https:\/\/sesameparaguay.com\/de\/#website\",\"url\":\"https:\/\/sesameparaguay.com\/de\/\",\"name\":\"SesameParaguay.com\",\"description\":\"Superior Sesame Seeds from Paraguay\",\"publisher\":{\"@id\":\"https:\/\/sesameparaguay.com\/de\/#organization\"},\"potentialAction\":[{\"@type\":\"SearchAction\",\"target\":{\"@type\":\"EntryPoint\",\"urlTemplate\":\"https:\/\/sesameparaguay.com\/de\/?s={search_term_string}\"},\"query-input\":{\"@type\":\"PropertyValueSpecification\",\"valueRequired\":true,\"valueName\":\"search_term_string\"}}],\"inLanguage\":\"de\"},{\"@type\":\"Organization\",\"@id\":\"https:\/\/sesameparaguay.com\/de\/#organization\",\"name\":\"SesameParaguay.com\",\"url\":\"https:\/\/sesameparaguay.com\/de\/\",\"logo\":{\"@type\":\"ImageObject\",\"inLanguage\":\"de\",\"@id\":\"https:\/\/sesameparaguay.com\/de\/#\/schema\/logo\/image\/\",\"url\":\"https:\/\/sesameparaguay.com\/wp-content\/uploads\/2024\/06\/cropped-sesame-seeds-paraguay-logo.png\",\"contentUrl\":\"https:\/\/sesameparaguay.com\/wp-content\/uploads\/2024\/06\/cropped-sesame-seeds-paraguay-logo.png\",\"width\":300,\"height\":126,\"caption\":\"SesameParaguay.com\"},\"image\":{\"@id\":\"https:\/\/sesameparaguay.com\/de\/#\/schema\/logo\/image\/\"},\"sameAs\":[\"https:\/\/www.facebook.com\/quebrachoexport\",\"https:\/\/www.linkedin.com\/company\/93223467\"]}]}<\/script>\n<!-- \/ Yoast SEO plugin. -->","yoast_head_json":{"title":"\u00dcber uns - SesameParaguay.com","robots":{"index":"index","follow":"follow","max-snippet":"max-snippet:-1","max-image-preview":"max-image-preview:large","max-video-preview":"max-video-preview:-1"},"canonical":"https:\/\/sesameparaguay.com\/de\/ueber-uns\/","og_locale":"de_DE","og_type":"article","og_title":"\u00dcber uns - SesameParaguay.com","og_description":"DIE ESSENZ DES PARAGUAYISCHEN SESAMS UMARMEN: EINE GESCHICHTE DER EXZELLENZ \u00dcber SesameParaguay.com Seit unserer Gr\u00fcndung im Jahr 2000 hat sich SesameParaguay.com zu einem f\u00fchrenden Exporteur von hochwertigen Sesamsamen aus dem Herzen Paraguays entwickelt. Unser Engagement f\u00fcr hervorragende Qualit\u00e4t erstreckt sich auf gesundheitsbewusste Verbraucher in Europa, den USA und verschiedenen globalen M\u00e4rkten. Unsere Geschichte Wir von &hellip; \u00dcber uns Read More \u00bb","og_url":"https:\/\/sesameparaguay.com\/de\/ueber-uns\/","og_site_name":"SesameParaguay.com","article_publisher":"https:\/\/www.facebook.com\/quebrachoexport","article_modified_time":"2024-06-21T17:24:46+00:00","twitter_card":"summary_large_image","twitter_misc":{"Gesch\u00e4tzte Lesezeit":"2\u00a0Minuten"},"schema":{"@context":"https:\/\/schema.org","@graph":[{"@type":"WebPage","@id":"https:\/\/sesameparaguay.com\/de\/ueber-uns\/","url":"https:\/\/sesameparaguay.com\/de\/ueber-uns\/","name":"\u00dcber uns - SesameParaguay.com","isPartOf":{"@id":"https:\/\/sesameparaguay.com\/de\/#website"},"datePublished":"2022-02-24T05:03:32+00:00","dateModified":"2024-06-21T17:24:46+00:00","breadcrumb":{"@id":"https:\/\/sesameparaguay.com\/de\/ueber-uns\/#breadcrumb"},"inLanguage":"de","potentialAction":[{"@type":"ReadAction","target":["https:\/\/sesameparaguay.com\/de\/ueber-uns\/"]}]},{"@type":"BreadcrumbList","@id":"https:\/\/sesameparaguay.com\/de\/ueber-uns\/#breadcrumb","itemListElement":[{"@type":"ListItem","position":1,"name":"Home","item":"https:\/\/sesameparaguay.com\/de\/"},{"@type":"ListItem","position":2,"name":"\u00dcber uns"}]},{"@type":"WebSite","@id":"https:\/\/sesameparaguay.com\/de\/#website","url":"https:\/\/sesameparaguay.com\/de\/","name":"SesameParaguay.com","description":"Superior Sesame Seeds from Paraguay","publisher":{"@id":"https:\/\/sesameparaguay.com\/de\/#organization"},"potentialAction":[{"@type":"SearchAction","target":{"@type":"EntryPoint","urlTemplate":"https:\/\/sesameparaguay.com\/de\/?s={search_term_string}"},"query-input":{"@type":"PropertyValueSpecification","valueRequired":true,"valueName":"search_term_string"}}],"inLanguage":"de"},{"@type":"Organization","@id":"https:\/\/sesameparaguay.com\/de\/#organization","name":"SesameParaguay.com","url":"https:\/\/sesameparaguay.com\/de\/","logo":{"@type":"ImageObject","inLanguage":"de","@id":"https:\/\/sesameparaguay.com\/de\/#\/schema\/logo\/image\/","url":"https:\/\/sesameparaguay.com\/wp-content\/uploads\/2024\/06\/cropped-sesame-seeds-paraguay-logo.png","contentUrl":"https:\/\/sesameparaguay.com\/wp-content\/uploads\/2024\/06\/cropped-sesame-seeds-paraguay-logo.png","width":300,"height":126,"caption":"SesameParaguay.com"},"image":{"@id":"https:\/\/sesameparaguay.com\/de\/#\/schema\/logo\/image\/"},"sameAs":["https:\/\/www.facebook.com\/quebrachoexport","https:\/\/www.linkedin.com\/company\/93223467"]}]}},"uagb_featured_image_src":{"full":false,"thumbnail":false,"medium":false,"medium_large":false,"large":false,"1536x1536":false,"2048x2048":false},"uagb_author_info":{"display_name":"admin","author_link":"https:\/\/sesameparaguay.com\/de\/author\/admin\/"},"uagb_comment_info":0,"uagb_excerpt":"DIE ESSENZ DES PARAGUAYISCHEN SESAMS UMARMEN: EINE GESCHICHTE DER EXZELLENZ \u00dcber SesameParaguay.com Seit unserer Gr\u00fcndung im Jahr 2000 hat sich SesameParaguay.com zu einem f\u00fchrenden Exporteur von hochwertigen Sesamsamen aus dem Herzen Paraguays entwickelt. Unser Engagement f\u00fcr hervorragende Qualit\u00e4t erstreckt sich auf gesundheitsbewusste Verbraucher in Europa, den USA und verschiedenen globalen M\u00e4rkten. Unsere Geschichte Wir von&hellip;","_links":{"self":[{"href":"https:\/\/sesameparaguay.com\/de\/wp-json\/wp\/v2\/pages\/2418","targetHints":{"allow":["GET"]}}],"collection":[{"href":"https:\/\/sesameparaguay.com\/de\/wp-json\/wp\/v2\/pages"}],"about":[{"href":"https:\/\/sesameparaguay.com\/de\/wp-json\/wp\/v2\/types\/page"}],"author":[{"embeddable":true,"href":"https:\/\/sesameparaguay.com\/de\/wp-json\/wp\/v2\/users\/1"}],"replies":[{"embeddable":true,"href":"https:\/\/sesameparaguay.com\/de\/wp-json\/wp\/v2\/comments?post=2418"}],"version-history":[{"count":0,"href":"https:\/\/sesameparaguay.com\/de\/wp-json\/wp\/v2\/pages\/2418\/revisions"}],"wp:attachment":[{"href":"https:\/\/sesameparaguay.com\/de\/wp-json\/wp\/v2\/media?parent=2418"}],"curies":[{"name":"wp","href":"https:\/\/api.w.org\/{rel}","templated":true}]}}