{"id":2417,"date":"2022-02-24T05:02:56","date_gmt":"2022-02-24T05:02:56","guid":{"rendered":"https:\/\/sesameparaguay.com\/premium-quebracho-blanco-holzkohle-aus-paraguay\/"},"modified":"2024-07-30T21:22:20","modified_gmt":"2024-07-30T21:22:20","slug":"premium-quebracho-blanco-holzkohle-aus-paraguay","status":"publish","type":"page","link":"https:\/\/sesameparaguay.com\/de\/","title":{"rendered":"Premium Sesamsamen aus Paraguay &#8211; Qualit\u00e4t weltweit exportieren"},"content":{"rendered":"\n<div class=\"wp-block-uagb-container uagb-block-1f87dc6d alignfull uagb-is-root-container\"><div class=\"uagb-container-inner-blocks-wrap\">\n<div class=\"wp-block-uagb-info-box uagb-block-67c67dbc uagb-infobox__content-wrap  uagb-infobox-icon-above-title uagb-infobox-image-valign-top\"><div class=\"uagb-ifb-content\"><div class=\"uagb-ifb-title-wrap\"><h1 class=\"uagb-ifb-title\">Premium Sesamsamen aus Paraguay, weltweit geliefert<\/h1><\/div><p class=\"uagb-ifb-desc\">Au\u00dfergew\u00f6hnliche Sesamsamen direkt aus Paraguay<\/p><div class=\"uagb-ifb-button-wrapper wp-block-button\"><a href=\"https:\/\/sesameparaguay.com\/de\/kontakt\/\" class=\"uagb-infobox-cta-link wp-block-button__link\" target=\"_self\" rel=\"noopener noreferrer\" onclick=\"return true;\"><span class=\"uagb-inline-editing\">Kontakt<\/span><\/a><\/div><\/div><\/div>\n<\/div><\/div>\n\n<div class=\"wp-block-uagb-container uagb-block-be8c9955 alignfull uagb-is-root-container\"><div class=\"uagb-container-inner-blocks-wrap\">\n<div class=\"wp-block-uagb-advanced-heading uagb-block-b6eb6c32\"><h2 class=\"uagb-heading-text\"><strong>EIN ERBE VON QUALIT\u00c4T IN PARAGUAYISCHEN SESAMSAMEN<\/strong><\/h2><\/div>\n\n\n\n<p><strong>\u00dcber SesameParaguay.com: Ihre Quelle f\u00fcr Premium-Sesamk\u00f6rner<\/strong><\/p>\n\n\n\n<p>Seit unserer Gr\u00fcndung im Jahr 2000 hat sich SesameParaguay.com zu einem f\u00fchrenden Exporteur von hochwertigen Sesamsamen aus Paraguay entwickelt. Wir stellen sicher, dass jede Charge Sesamsamen, die wir exportieren, das gesamte Spektrum der ern\u00e4hrungsphysiologischen Vorteile dieses bemerkenswerten Superfoods erh\u00e4lt.<\/p>\n\n\n\n<p><strong>Warum SesameParaguay.com w\u00e4hlen?<\/strong><\/p>\n\n\n\n<ol class=\"wp-block-list\" start=\"1\">\n<li><strong>Tadellose Qualit\u00e4t:<\/strong> Bei SesameParaguay.com legen wir Wert auf die einwandfreie Qualit\u00e4t der paraguayischen Sesamsamen. Unsere Samen werden sorgf\u00e4ltig angebaut, geerntet und verarbeitet, um ihre nat\u00fcrliche G\u00fcte zu bewahren. Reich an Omega-3-Fetts\u00e4uren, Ballaststoffen und essentiellen Mineralien, tragen unsere Sesamsamen zu einem gesunden Lebensstil bei.<\/li>\n\n\n\n<li><strong>Ideale Anbaubedingungen:<\/strong> Das einzigartige Klima und die fruchtbaren B\u00f6den Paraguays bieten die perfekte Umgebung f\u00fcr den Anbau von hochwertigen Sesamsamen. Unser Saatgut gedeiht unter diesen optimalen Bedingungen, was zu einem au\u00dfergew\u00f6hnlichen Geschmack und N\u00e4hrstoffgehalt f\u00fchrt.<\/li>\n\n\n\n<li><strong>Vielseitig und nahrhaft:<\/strong> Ob Sie sie in Ihre t\u00e4gliche Ern\u00e4hrung integrieren oder als vielseitige Zutat in Ihren Lieblingsrezepten verwenden, unsere Sesamsamen geben jeder Mahlzeit einen nahrhaften Impuls. Von Salaten und Pfannengerichten bis hin zu Backwaren und Brotaufstrichen &#8211; die M\u00f6glichkeiten sind endlos.<\/li>\n\n\n\n<li><strong>Nachhaltigkeit und Qualit\u00e4t:<\/strong> SesameParaguay.com hebt sich in der Branche durch unser unerm\u00fcdliches Engagement f\u00fcr Nachhaltigkeit und Qualit\u00e4t ab. Strenge Qualit\u00e4tskontrollen stellen sicher, dass unsere Sesamsamen den internationalen Standards entsprechen und diese sogar \u00fcbertreffen, so dass unsere Kunden beruhigt sein k\u00f6nnen.<\/li>\n\n\n\n<li><strong>Erbe und Leidenschaft:<\/strong> Wir sind stolz auf unser paraguayisches Erbe und werden von einer echten Leidenschaft f\u00fcr Gesundheit und Wellness angetrieben. SesameParaguay.com hat es sich zur Aufgabe gemacht, die besten Sesamsamen aus dem Herzen S\u00fcdamerikas mit der Welt zu teilen.<\/li>\n<\/ol>\n\n\n\n<p>Entdecken Sie den Unterschied mit SesameParaguay.com und verbessern Sie Ihr kulinarisches Erlebnis mit unseren hochwertigen Sesamsamen.<\/p>\n\n\n\n<p><\/p>\n\n\n\n<p><\/p>\n\n\n\n<div class=\"wp-block-uagb-container uagb-block-55eb0d65\">\n<div class=\"wp-block-uagb-container uagb-block-afd2b76a\">\n<div class=\"wp-block-uagb-info-box uagb-block-73fb5bac uagb-infobox__content-wrap  uagb-infobox-icon-above-title uagb-infobox-image-valign-top\"><div class=\"uagb-ifb-content\"><div class=\"uagb-ifb-image-content\"><img decoding=\"async\" data-src=\"https:\/\/sesameparaguay.com\/wp-content\/uploads\/2024\/06\/Sin-titulo.png\" alt=\"\" width=\"500\" height=\"536\" src=\"data:image\/svg+xml;base64,PHN2ZyB3aWR0aD0iMSIgaGVpZ2h0PSIxIiB4bWxucz0iaHR0cDovL3d3dy53My5vcmcvMjAwMC9zdmciPjwvc3ZnPg==\" class=\"lazyload\" style=\"--smush-placeholder-width: 500px; --smush-placeholder-aspect-ratio: 500\/536;\" \/><\/div><div class=\"uagb-ifb-title-wrap\"><h3 class=\"uagb-ifb-title\">Globaler Versand<\/h3><\/div><p class=\"uagb-ifb-desc\">Wir bringen die besten paraguayischen Sesamsamen in alle Ecken der Welt.<br\/><br\/>Unsere hochwertigen Sesamsamen kommen in perfektem Zustand an.<br\/><br\/>  Bereit, Ihre Gesundheit und Ihr kulinarisches Erlebnis zu verbessern.<br\/><br\/><br\/><br\/><\/p><\/div><\/div>\n<\/div>\n\n\n\n<div class=\"wp-block-columns is-layout-flex wp-container-core-columns-is-layout-28f84493 wp-block-columns-is-layout-flex\">\n<div class=\"wp-block-column is-layout-flow wp-block-column-is-layout-flow\" style=\"flex-basis:100%\">\n<div class=\"wp-block-uagb-info-box uagb-block-6727b895 uagb-infobox__content-wrap  uagb-infobox-icon-above-title uagb-infobox-image-valign-top\"><div class=\"uagb-ifb-content\"><div class=\"uagb-ifb-image-content\"><img decoding=\"async\" data-src=\"https:\/\/sesameparaguay.com\/wp-content\/uploads\/2024\/06\/Eco-friendly-icon-Graphics-71340541-1-1-580x399-2.jpg\" alt=\"\" width=\"500\" height=\"498\" src=\"data:image\/svg+xml;base64,PHN2ZyB3aWR0aD0iMSIgaGVpZ2h0PSIxIiB4bWxucz0iaHR0cDovL3d3dy53My5vcmcvMjAwMC9zdmciPjwvc3ZnPg==\" class=\"lazyload\" style=\"--smush-placeholder-width: 500px; --smush-placeholder-aspect-ratio: 500\/498;\" \/><\/div><div class=\"uagb-ifb-title-wrap\"><h3 class=\"uagb-ifb-title\">Nachhaltig beschafft<\/h3><\/div><p class=\"uagb-ifb-desc\">  Engagiert f\u00fcr die Umwelt.<br\/><br\/>Einsatz von Methoden, die das nat\u00fcrliche \u00d6kosystem respektieren und erhalten.<br\/><br\/>Freundlich f\u00fcr die Gesundheit unseres Planeten.<\/p><\/div><\/div>\n\n\n\n<div class=\"wp-block-uagb-container uagb-block-268a7584\"><\/div>\n<\/div>\n<\/div>\n\n\n\n<div class=\"wp-block-uagb-container uagb-block-fe23a21b\">\n<div class=\"wp-block-uagb-info-box uagb-block-8ff5933f uagb-infobox__content-wrap  uagb-infobox-icon-above-title uagb-infobox-image-valign-top\"><div class=\"uagb-ifb-content\"><div class=\"uagb-ifb-image-content\"><img decoding=\"async\" data-src=\"https:\/\/sesameparaguay.com\/wp-content\/uploads\/2024\/06\/WhatsApp-Image-2024-06-13-at-16.48.48-1.jpeg\" alt=\"\" width=\"500\" height=\"500\" src=\"data:image\/svg+xml;base64,PHN2ZyB3aWR0aD0iMSIgaGVpZ2h0PSIxIiB4bWxucz0iaHR0cDovL3d3dy53My5vcmcvMjAwMC9zdmciPjwvc3ZnPg==\" class=\"lazyload\" style=\"--smush-placeholder-width: 500px; --smush-placeholder-aspect-ratio: 500\/500;\" \/><\/div><div class=\"uagb-ifb-title-wrap\"><h3 class=\"uagb-ifb-title\">Hochwertige Standards<\/h3><\/div><p class=\"uagb-ifb-desc\">Aus unserer nachhaltigen Landwirtschaft auf dem fruchtbaren Boden Paraguays.<br\/><br\/>Sorgf\u00e4ltiger Prozess der Verpackung.<br\/>Wir garantieren, dass jede Sesamsaat rein, nahrhaft und frisch ist.<br\/><br\/>Sorgf\u00e4ltig ausgew\u00e4hlt und angebaut, um Ihnen ein Produkt zu garantieren, das Ihre Gesundheit und Ihr Wohlbefinden verbessert.<\/p><\/div><\/div>\n<\/div>\n<\/div>\n<\/div><\/div>\n\n<div class=\"wp-block-uagb-container uagb-block-bb041ae5 alignfull uagb-is-root-container\"><div class=\"uagb-container-inner-blocks-wrap\">\n<div class=\"wp-block-uagb-info-box uagb-block-467524e0 uagb-infobox__content-wrap  uagb-infobox-icon-above-title uagb-infobox-image-valign-top\"><div class=\"uagb-ifb-content\"><div class=\"uagb-ifb-title-wrap\"><h5 class=\"uagb-ifb-title\">Fragen?<\/h5><\/div><p class=\"uagb-ifb-desc\">Kontaktieren Sie uns noch heute, um mehr \u00fcber unsere hochwertigen Sesamsamen und Preisoptionen zu erfahren.<\/p><div class=\"uagb-ifb-button-wrapper wp-block-button\"><a href=\"https:\/\/sesameparaguay.com\/de\/kontakt\/\" class=\"uagb-infobox-cta-link wp-block-button__link\" target=\"_self\" rel=\"noopener noreferrer\" onclick=\"return true;\"><span class=\"uagb-inline-editing\">Angebot anfordern<\/span><\/a><\/div><\/div><\/div>\n<\/div><\/div>\n","protected":false},"excerpt":{"rendered":"<p>EIN ERBE VON QUALIT\u00c4T IN PARAGUAYISCHEN SESAMSAMEN \u00dcber SesameParaguay.com: Ihre Quelle f\u00fcr Premium-Sesamk\u00f6rner Seit unserer Gr\u00fcndung im Jahr 2000 hat sich SesameParaguay.com zu einem f\u00fchrenden Exporteur von hochwertigen Sesamsamen aus Paraguay entwickelt. Wir stellen sicher, dass jede Charge Sesamsamen, die wir exportieren, das gesamte Spektrum der ern\u00e4hrungsphysiologischen Vorteile dieses bemerkenswerten Superfoods erh\u00e4lt. Warum SesameParaguay.com w\u00e4hlen? &hellip;<\/p>\n<p class=\"read-more\"> <a class=\"\" href=\"https:\/\/sesameparaguay.com\/de\/\"> <span class=\"screen-reader-text\">Premium Sesamsamen aus Paraguay &#8211; Qualit\u00e4t weltweit exportieren<\/span> Read More \u00bb<\/a><\/p>\n","protected":false},"author":1,"featured_media":4133,"parent":0,"menu_order":0,"comment_status":"closed","ping_status":"closed","template":"","meta":{"_uag_custom_page_level_css":"","_sitemap_exclude":false,"_sitemap_priority":"","_sitemap_frequency":"","site-sidebar-layout":"no-sidebar","site-content-layout":"page-builder","ast-global-header-display":"","ast-main-header-display":"","ast-hfb-above-header-display":"","ast-hfb-below-header-display":"","ast-hfb-mobile-header-display":"","site-post-title":"disabled","ast-breadcrumbs-content":"","ast-featured-img":"disabled","footer-sml-layout":"","theme-transparent-header-meta":"disabled","adv-header-id-meta":"","stick-header-meta":"","header-above-stick-meta":"","header-main-stick-meta":"","header-below-stick-meta":"","footnotes":""},"class_list":["post-2417","page","type-page","status-publish","has-post-thumbnail","hentry"],"yoast_head":"<!-- This site is optimized with the Yoast SEO plugin v27.2 - https:\/\/yoast.com\/product\/yoast-seo-wordpress\/ -->\n<title>Premium Sesamsamen aus Paraguay - Qualit\u00e4t weltweit exportieren<\/title>\n<meta name=\"description\" content=\"Exporteur von Paraguays besten Sesamsamen. N\u00e4hrstoffreich, nachhaltig geerntet und weltweit vertrieben f\u00fcr Ihre Gesundheit und Ihr Wohlbefinden. Erleben Sie die nat\u00fcrliche G\u00fcte unserer Sesamsamen aus Paraguay.\" \/>\n<meta name=\"robots\" content=\"index, follow, max-snippet:-1, max-image-preview:large, max-video-preview:-1\" \/>\n<link rel=\"canonical\" href=\"https:\/\/sesameparaguay.com\/de\/\" \/>\n<meta property=\"og:locale\" content=\"de_DE\" \/>\n<meta property=\"og:type\" content=\"article\" \/>\n<meta property=\"og:title\" content=\"Premium Sesamsamen aus Paraguay - Qualit\u00e4t weltweit exportieren\" \/>\n<meta property=\"og:description\" content=\"Exporteur von Paraguays besten Sesamsamen. N\u00e4hrstoffreich, nachhaltig geerntet und weltweit vertrieben f\u00fcr Ihre Gesundheit und Ihr Wohlbefinden. Erleben Sie die nat\u00fcrliche G\u00fcte unserer Sesamsamen aus Paraguay.\" \/>\n<meta property=\"og:url\" content=\"https:\/\/sesameparaguay.com\/de\/\" \/>\n<meta property=\"og:site_name\" content=\"SesameParaguay.com\" \/>\n<meta property=\"article:publisher\" content=\"https:\/\/www.facebook.com\/quebrachoexport\" \/>\n<meta property=\"article:modified_time\" content=\"2024-07-30T21:22:20+00:00\" \/>\n<meta property=\"og:image\" content=\"https:\/\/sesameparaguay.com\/wp-content\/uploads\/2024\/07\/sesame-seeds-paraguay.jpeg\" \/>\n\t<meta property=\"og:image:width\" content=\"244\" \/>\n\t<meta property=\"og:image:height\" content=\"207\" \/>\n\t<meta property=\"og:image:type\" content=\"image\/jpeg\" \/>\n<meta name=\"twitter:card\" content=\"summary_large_image\" \/>\n<meta name=\"twitter:label1\" content=\"Gesch\u00e4tzte Lesezeit\" \/>\n\t<meta name=\"twitter:data1\" content=\"2\u00a0Minuten\" \/>\n<script type=\"application\/ld+json\" class=\"yoast-schema-graph\">{\"@context\":\"https:\/\/schema.org\",\"@graph\":[{\"@type\":\"WebPage\",\"@id\":\"https:\/\/sesameparaguay.com\/de\/\",\"url\":\"https:\/\/sesameparaguay.com\/de\/\",\"name\":\"Premium Sesamsamen aus Paraguay - Qualit\u00e4t weltweit exportieren\",\"isPartOf\":{\"@id\":\"https:\/\/sesameparaguay.com\/de\/#website\"},\"primaryImageOfPage\":{\"@id\":\"https:\/\/sesameparaguay.com\/de\/#primaryimage\"},\"image\":{\"@id\":\"https:\/\/sesameparaguay.com\/de\/#primaryimage\"},\"thumbnailUrl\":\"https:\/\/sesameparaguay.com\/wp-content\/uploads\/2024\/07\/sesame-seeds-paraguay.jpeg\",\"datePublished\":\"2022-02-24T05:02:56+00:00\",\"dateModified\":\"2024-07-30T21:22:20+00:00\",\"description\":\"Exporteur von Paraguays besten Sesamsamen. N\u00e4hrstoffreich, nachhaltig geerntet und weltweit vertrieben f\u00fcr Ihre Gesundheit und Ihr Wohlbefinden. Erleben Sie die nat\u00fcrliche G\u00fcte unserer Sesamsamen aus Paraguay.\",\"breadcrumb\":{\"@id\":\"https:\/\/sesameparaguay.com\/de\/#breadcrumb\"},\"inLanguage\":\"de\",\"potentialAction\":[{\"@type\":\"ReadAction\",\"target\":[\"https:\/\/sesameparaguay.com\/de\/\"]}]},{\"@type\":\"ImageObject\",\"inLanguage\":\"de\",\"@id\":\"https:\/\/sesameparaguay.com\/de\/#primaryimage\",\"url\":\"https:\/\/sesameparaguay.com\/wp-content\/uploads\/2024\/07\/sesame-seeds-paraguay.jpeg\",\"contentUrl\":\"https:\/\/sesameparaguay.com\/wp-content\/uploads\/2024\/07\/sesame-seeds-paraguay.jpeg\",\"width\":244,\"height\":207,\"caption\":\"sesame-seeds-paraguay\"},{\"@type\":\"BreadcrumbList\",\"@id\":\"https:\/\/sesameparaguay.com\/de\/#breadcrumb\",\"itemListElement\":[{\"@type\":\"ListItem\",\"position\":1,\"name\":\"Home\",\"item\":\"https:\/\/sesameparaguay.com\/de\/\"},{\"@type\":\"ListItem\",\"position\":2,\"name\":\"Premium Sesamsamen aus Paraguay &#8211; Qualit\u00e4t weltweit exportieren\"}]},{\"@type\":\"WebSite\",\"@id\":\"https:\/\/sesameparaguay.com\/de\/#website\",\"url\":\"https:\/\/sesameparaguay.com\/de\/\",\"name\":\"SesameParaguay.com\",\"description\":\"Superior Sesame Seeds from Paraguay\",\"publisher\":{\"@id\":\"https:\/\/sesameparaguay.com\/de\/#organization\"},\"potentialAction\":[{\"@type\":\"SearchAction\",\"target\":{\"@type\":\"EntryPoint\",\"urlTemplate\":\"https:\/\/sesameparaguay.com\/de\/?s={search_term_string}\"},\"query-input\":{\"@type\":\"PropertyValueSpecification\",\"valueRequired\":true,\"valueName\":\"search_term_string\"}}],\"inLanguage\":\"de\"},{\"@type\":\"Organization\",\"@id\":\"https:\/\/sesameparaguay.com\/de\/#organization\",\"name\":\"SesameParaguay.com\",\"url\":\"https:\/\/sesameparaguay.com\/de\/\",\"logo\":{\"@type\":\"ImageObject\",\"inLanguage\":\"de\",\"@id\":\"https:\/\/sesameparaguay.com\/de\/#\/schema\/logo\/image\/\",\"url\":\"https:\/\/sesameparaguay.com\/wp-content\/uploads\/2024\/06\/cropped-sesame-seeds-paraguay-logo.png\",\"contentUrl\":\"https:\/\/sesameparaguay.com\/wp-content\/uploads\/2024\/06\/cropped-sesame-seeds-paraguay-logo.png\",\"width\":300,\"height\":126,\"caption\":\"SesameParaguay.com\"},\"image\":{\"@id\":\"https:\/\/sesameparaguay.com\/de\/#\/schema\/logo\/image\/\"},\"sameAs\":[\"https:\/\/www.facebook.com\/quebrachoexport\",\"https:\/\/www.linkedin.com\/company\/93223467\"]}]}<\/script>\n<!-- \/ Yoast SEO plugin. -->","yoast_head_json":{"title":"Premium Sesamsamen aus Paraguay - Qualit\u00e4t weltweit exportieren","description":"Exporteur von Paraguays besten Sesamsamen. N\u00e4hrstoffreich, nachhaltig geerntet und weltweit vertrieben f\u00fcr Ihre Gesundheit und Ihr Wohlbefinden. Erleben Sie die nat\u00fcrliche G\u00fcte unserer Sesamsamen aus Paraguay.","robots":{"index":"index","follow":"follow","max-snippet":"max-snippet:-1","max-image-preview":"max-image-preview:large","max-video-preview":"max-video-preview:-1"},"canonical":"https:\/\/sesameparaguay.com\/de\/","og_locale":"de_DE","og_type":"article","og_title":"Premium Sesamsamen aus Paraguay - Qualit\u00e4t weltweit exportieren","og_description":"Exporteur von Paraguays besten Sesamsamen. N\u00e4hrstoffreich, nachhaltig geerntet und weltweit vertrieben f\u00fcr Ihre Gesundheit und Ihr Wohlbefinden. Erleben Sie die nat\u00fcrliche G\u00fcte unserer Sesamsamen aus Paraguay.","og_url":"https:\/\/sesameparaguay.com\/de\/","og_site_name":"SesameParaguay.com","article_publisher":"https:\/\/www.facebook.com\/quebrachoexport","article_modified_time":"2024-07-30T21:22:20+00:00","og_image":[{"width":244,"height":207,"url":"https:\/\/sesameparaguay.com\/wp-content\/uploads\/2024\/07\/sesame-seeds-paraguay.jpeg","type":"image\/jpeg"}],"twitter_card":"summary_large_image","twitter_misc":{"Gesch\u00e4tzte Lesezeit":"2\u00a0Minuten"},"schema":{"@context":"https:\/\/schema.org","@graph":[{"@type":"WebPage","@id":"https:\/\/sesameparaguay.com\/de\/","url":"https:\/\/sesameparaguay.com\/de\/","name":"Premium Sesamsamen aus Paraguay - Qualit\u00e4t weltweit exportieren","isPartOf":{"@id":"https:\/\/sesameparaguay.com\/de\/#website"},"primaryImageOfPage":{"@id":"https:\/\/sesameparaguay.com\/de\/#primaryimage"},"image":{"@id":"https:\/\/sesameparaguay.com\/de\/#primaryimage"},"thumbnailUrl":"https:\/\/sesameparaguay.com\/wp-content\/uploads\/2024\/07\/sesame-seeds-paraguay.jpeg","datePublished":"2022-02-24T05:02:56+00:00","dateModified":"2024-07-30T21:22:20+00:00","description":"Exporteur von Paraguays besten Sesamsamen. N\u00e4hrstoffreich, nachhaltig geerntet und weltweit vertrieben f\u00fcr Ihre Gesundheit und Ihr Wohlbefinden. Erleben Sie die nat\u00fcrliche G\u00fcte unserer Sesamsamen aus Paraguay.","breadcrumb":{"@id":"https:\/\/sesameparaguay.com\/de\/#breadcrumb"},"inLanguage":"de","potentialAction":[{"@type":"ReadAction","target":["https:\/\/sesameparaguay.com\/de\/"]}]},{"@type":"ImageObject","inLanguage":"de","@id":"https:\/\/sesameparaguay.com\/de\/#primaryimage","url":"https:\/\/sesameparaguay.com\/wp-content\/uploads\/2024\/07\/sesame-seeds-paraguay.jpeg","contentUrl":"https:\/\/sesameparaguay.com\/wp-content\/uploads\/2024\/07\/sesame-seeds-paraguay.jpeg","width":244,"height":207,"caption":"sesame-seeds-paraguay"},{"@type":"BreadcrumbList","@id":"https:\/\/sesameparaguay.com\/de\/#breadcrumb","itemListElement":[{"@type":"ListItem","position":1,"name":"Home","item":"https:\/\/sesameparaguay.com\/de\/"},{"@type":"ListItem","position":2,"name":"Premium Sesamsamen aus Paraguay &#8211; Qualit\u00e4t weltweit exportieren"}]},{"@type":"WebSite","@id":"https:\/\/sesameparaguay.com\/de\/#website","url":"https:\/\/sesameparaguay.com\/de\/","name":"SesameParaguay.com","description":"Superior Sesame Seeds from Paraguay","publisher":{"@id":"https:\/\/sesameparaguay.com\/de\/#organization"},"potentialAction":[{"@type":"SearchAction","target":{"@type":"EntryPoint","urlTemplate":"https:\/\/sesameparaguay.com\/de\/?s={search_term_string}"},"query-input":{"@type":"PropertyValueSpecification","valueRequired":true,"valueName":"search_term_string"}}],"inLanguage":"de"},{"@type":"Organization","@id":"https:\/\/sesameparaguay.com\/de\/#organization","name":"SesameParaguay.com","url":"https:\/\/sesameparaguay.com\/de\/","logo":{"@type":"ImageObject","inLanguage":"de","@id":"https:\/\/sesameparaguay.com\/de\/#\/schema\/logo\/image\/","url":"https:\/\/sesameparaguay.com\/wp-content\/uploads\/2024\/06\/cropped-sesame-seeds-paraguay-logo.png","contentUrl":"https:\/\/sesameparaguay.com\/wp-content\/uploads\/2024\/06\/cropped-sesame-seeds-paraguay-logo.png","width":300,"height":126,"caption":"SesameParaguay.com"},"image":{"@id":"https:\/\/sesameparaguay.com\/de\/#\/schema\/logo\/image\/"},"sameAs":["https:\/\/www.facebook.com\/quebrachoexport","https:\/\/www.linkedin.com\/company\/93223467"]}]}},"uagb_featured_image_src":{"full":["https:\/\/sesameparaguay.com\/wp-content\/uploads\/2024\/07\/sesame-seeds-paraguay.jpeg",244,207,false],"thumbnail":["https:\/\/sesameparaguay.com\/wp-content\/uploads\/2024\/07\/sesame-seeds-paraguay-150x150.jpeg",150,150,true],"medium":["https:\/\/sesameparaguay.com\/wp-content\/uploads\/2024\/07\/sesame-seeds-paraguay.jpeg",244,207,false],"medium_large":["https:\/\/sesameparaguay.com\/wp-content\/uploads\/2024\/07\/sesame-seeds-paraguay.jpeg",244,207,false],"large":["https:\/\/sesameparaguay.com\/wp-content\/uploads\/2024\/07\/sesame-seeds-paraguay.jpeg",244,207,false],"1536x1536":["https:\/\/sesameparaguay.com\/wp-content\/uploads\/2024\/07\/sesame-seeds-paraguay.jpeg",244,207,false],"2048x2048":["https:\/\/sesameparaguay.com\/wp-content\/uploads\/2024\/07\/sesame-seeds-paraguay.jpeg",244,207,false]},"uagb_author_info":{"display_name":"admin","author_link":"https:\/\/sesameparaguay.com\/de\/author\/admin\/"},"uagb_comment_info":0,"uagb_excerpt":"EIN ERBE VON QUALIT\u00c4T IN PARAGUAYISCHEN SESAMSAMEN \u00dcber SesameParaguay.com: Ihre Quelle f\u00fcr Premium-Sesamk\u00f6rner Seit unserer Gr\u00fcndung im Jahr 2000 hat sich SesameParaguay.com zu einem f\u00fchrenden Exporteur von hochwertigen Sesamsamen aus Paraguay entwickelt. Wir stellen sicher, dass jede Charge Sesamsamen, die wir exportieren, das gesamte Spektrum der ern\u00e4hrungsphysiologischen Vorteile dieses bemerkenswerten Superfoods erh\u00e4lt. Warum SesameParaguay.com w\u00e4hlen?&hellip;","_links":{"self":[{"href":"https:\/\/sesameparaguay.com\/de\/wp-json\/wp\/v2\/pages\/2417","targetHints":{"allow":["GET"]}}],"collection":[{"href":"https:\/\/sesameparaguay.com\/de\/wp-json\/wp\/v2\/pages"}],"about":[{"href":"https:\/\/sesameparaguay.com\/de\/wp-json\/wp\/v2\/types\/page"}],"author":[{"embeddable":true,"href":"https:\/\/sesameparaguay.com\/de\/wp-json\/wp\/v2\/users\/1"}],"replies":[{"embeddable":true,"href":"https:\/\/sesameparaguay.com\/de\/wp-json\/wp\/v2\/comments?post=2417"}],"version-history":[{"count":0,"href":"https:\/\/sesameparaguay.com\/de\/wp-json\/wp\/v2\/pages\/2417\/revisions"}],"wp:featuredmedia":[{"embeddable":true,"href":"https:\/\/sesameparaguay.com\/de\/wp-json\/wp\/v2\/media\/4133"}],"wp:attachment":[{"href":"https:\/\/sesameparaguay.com\/de\/wp-json\/wp\/v2\/media?parent=2417"}],"curies":[{"name":"wp","href":"https:\/\/api.w.org\/{rel}","templated":true}]}}