{"id":2396,"date":"2023-05-02T04:47:54","date_gmt":"2023-05-02T04:47:54","guid":{"rendered":"https:\/\/sesameparaguay.com\/datenschutzbestimmungen\/"},"modified":"2023-11-28T22:25:49","modified_gmt":"2023-11-28T22:25:49","slug":"datenschutzbestimmungen","status":"publish","type":"page","link":"https:\/\/sesameparaguay.com\/de\/datenschutzbestimmungen\/","title":{"rendered":"Datenschutzbestimmungen"},"content":{"rendered":"\n<p>Zuletzt aktualisiert: 6\/5\/2023<\/p>\n\n<p><\/p>\n\n<p>Wir von ChiaParaguay.com verpflichten uns, Ihre Privatsph\u00e4re zu sch\u00fctzen. In dieser Datenschutzrichtlinie wird erl\u00e4utert, wie wir Ihre pers\u00f6nlichen Daten erfassen, verwenden und sch\u00fctzen, wenn Sie unsere Website <a href=\"https:\/\/sesameparaguay.com\/de\/\">https:\/\/sesameparaguay.com<\/a> (die &#8222;Website&#8220;) besuchen.<\/p>\n\n<p>Durch die Nutzung unserer Website erkl\u00e4ren Sie sich mit den in dieser Datenschutzrichtlinie beschriebenen Datenpraktiken einverstanden. Wenn Sie mit den Bedingungen dieser Datenschutzrichtlinie nicht einverstanden sind, bitten wir Sie, unsere Website nicht zu besuchen oder zu nutzen.<\/p>\n\n<ol class=\"wp-block-list\">\n<li>Sammlung und Verwendung von Informationen<\/li>\n<\/ol>\n\n<p>Wenn Sie unsere Website besuchen, k\u00f6nnen wir pers\u00f6nliche Daten wie Ihren Namen, Ihre E-Mail-Adresse, Telefonnummer und Lieferadresse erfassen. Diese Informationen werden verwendet, um Ihnen die von Ihnen angeforderten Produkte oder Dienstleistungen zu liefern, auf Anfragen zu antworten und mit Ihnen \u00fcber Ihre Bestellungen oder andere relevante Informationen zu kommunizieren.<\/p>\n\n<p>Wir sammeln auch nicht-personenbezogene Informationen \u00fcber Ihre Computerhardware und -software, einschlie\u00dflich Ihrer IP-Adresse, des Browsertyps, der Dom\u00e4nennamen, der Zugriffszeiten und der Adressen der verweisenden Websites. Diese Informationen helfen uns, die Qualit\u00e4t unserer Dienstleistungen aufrechtzuerhalten, die Pr\u00e4ferenzen der Benutzer zu verstehen und allgemeine Nutzungsmuster unserer Website zu analysieren.<\/p>\n\n<ol class=\"wp-block-list\" start=\"2\">\n<li>Verwendung von Cookies<\/li>\n<\/ol>\n\n<p>Unsere Website verwendet &#8222;Cookies&#8220;, um Ihr Online-Erlebnis zu personalisieren. Ein Cookie ist eine kleine Textdatei, die auf Ihrem Computer oder Mobilger\u00e4t gespeichert wird, wenn Sie bestimmte Webseiten besuchen. Cookies helfen uns, Ihre Pr\u00e4ferenzen auf der Grundlage Ihrer fr\u00fcheren oder aktuellen Website-Aktivit\u00e4ten zu verstehen, damit wir Ihnen bessere Dienste anbieten k\u00f6nnen. Sie haben die M\u00f6glichkeit, Cookies zu akzeptieren oder abzulehnen. Die meisten Webbrowser akzeptieren Cookies automatisch, aber Sie k\u00f6nnen Ihre Browsereinstellungen so \u00e4ndern, dass Cookies abgelehnt werden, wenn Sie dies w\u00fcnschen.<\/p>\n\n<ol class=\"wp-block-list\" start=\"3\">\n<li>Informationsaustausch und Offenlegung<\/li>\n<\/ol>\n\n<p>Wir verkaufen, vermieten oder verleasen unsere Kundenlisten oder pers\u00f6nlichen Informationen nicht an Dritte. Wir k\u00f6nnen Ihre pers\u00f6nlichen Daten an vertrauensw\u00fcrdige Drittanbieter weitergeben, um uns bei der Durchf\u00fchrung statistischer Analysen zu unterst\u00fctzen, Ihnen E-Mails oder Post zu senden, Kundensupport zu leisten oder Lieferungen zu organisieren. Allen diesen Dritten ist es untersagt, Ihre pers\u00f6nlichen Daten zu verwenden, es sei denn, um diese Dienstleistungen zu erbringen, und sie sind verpflichtet, die Vertraulichkeit Ihrer Daten zu wahren.<\/p>\n\n<p>Wir k\u00f6nnen Ihre pers\u00f6nlichen Daten auch offenlegen, wenn wir gesetzlich dazu verpflichtet sind oder in gutem Glauben davon ausgehen, dass eine solche Ma\u00dfnahme notwendig ist, um: (a) den gesetzlichen Anforderungen oder rechtlichen Verfahren, die QuebrachoExport.com zugestellt werden, zu entsprechen; (b) die Rechte oder das Eigentum von QuebrachoExport.com zu sch\u00fctzen und zu verteidigen; oder (c) unter dringenden Umst\u00e4nden handeln, um die pers\u00f6nliche Sicherheit der Benutzer von QuebrachoExport.com oder der \u00d6ffentlichkeit zu sch\u00fctzen.<\/p>\n\n<ol class=\"wp-block-list\" start=\"4\">\n<li>Sicherheit<\/li>\n<\/ol>\n\n<p>Wir nehmen die Sicherheit Ihrer pers\u00f6nlichen Daten ernst und ergreifen angemessene Sicherheitsma\u00dfnahmen, um Ihre Daten vor unbefugtem Zugriff, unbefugter Nutzung oder Offenlegung zu sch\u00fctzen. Allerdings ist keine Methode der Daten\u00fcbertragung oder elektronischen Speicherung zu 100 % sicher. Obwohl wir uns bem\u00fchen, Ihre pers\u00f6nlichen Daten zu sch\u00fctzen, k\u00f6nnen wir daher nicht f\u00fcr deren absolute Sicherheit garantieren.<\/p>\n\n<ol class=\"wp-block-list\" start=\"5\">\n<li>Links zu anderen Websites<\/li>\n<\/ol>\n\n<p>Unsere Website kann Links zu anderen Websites enthalten. Wir sind nicht verantwortlich f\u00fcr den Inhalt, die Datenschutzrichtlinien oder die Praktiken dieser externen Websites. Wir empfehlen Ihnen, die Datenschutzrichtlinien jeder Website, die Sie besuchen, zu lesen.<\/p>\n\n<ol class=\"wp-block-list\" start=\"6\">\n<li>\u00c4nderungen an dieser Datenschutzrichtlinie<\/li>\n<\/ol>\n\n<p>Wir k\u00f6nnen diese Datenschutzrichtlinie gelegentlich aktualisieren, um R\u00fcckmeldungen von Unternehmen und Kunden oder \u00c4nderungen in der Datenschutzgesetzgebung zu ber\u00fccksichtigen. Wir empfehlen Ihnen, diese Datenschutzrichtlinie regelm\u00e4\u00dfig zu lesen, um sich dar\u00fcber zu informieren, wie wir Ihre Daten sch\u00fctzen.<\/p>\n\n<ol class=\"wp-block-list\" start=\"7\">\n<li>Kontaktinformationen<\/li>\n<\/ol>\n\n<p>Wenn Sie Fragen oder Bedenken bez\u00fcglich dieser Datenschutzrichtlinie oder unserer Datenverarbeitungspraktiken haben, wenden Sie sich bitte an uns:<\/p>\n\n<p>ChiaParaguay.com  <\/p>\n\n<p>Moises Bertoni 2749 <\/p>\n\n<p>E-Mail: info@sesameparaguay.com  <\/p>\n\n<p>Telefon: +595991850766<\/p>\n\n<p>Wir werden Ihre Anfragen beantworten und uns bem\u00fchen, alle Ihre Bedenken auszur\u00e4umen.<\/p>\n","protected":false},"excerpt":{"rendered":"<p>Zuletzt aktualisiert: 6\/5\/2023 Wir von ChiaParaguay.com verpflichten uns, Ihre Privatsph\u00e4re zu sch\u00fctzen. In dieser Datenschutzrichtlinie wird erl\u00e4utert, wie wir Ihre pers\u00f6nlichen Daten erfassen, verwenden und sch\u00fctzen, wenn Sie unsere Website https:\/\/sesameparaguay.com (die &#8222;Website&#8220;) besuchen. Durch die Nutzung unserer Website erkl\u00e4ren Sie sich mit den in dieser Datenschutzrichtlinie beschriebenen Datenpraktiken einverstanden. Wenn Sie mit den Bedingungen &hellip;<\/p>\n<p class=\"read-more\"> <a class=\"\" href=\"https:\/\/sesameparaguay.com\/de\/datenschutzbestimmungen\/\"> <span class=\"screen-reader-text\">Datenschutzbestimmungen<\/span> Read More \u00bb<\/a><\/p>\n","protected":false},"author":1,"featured_media":0,"parent":0,"menu_order":0,"comment_status":"closed","ping_status":"open","template":"","meta":{"_uag_custom_page_level_css":"","_sitemap_exclude":false,"_sitemap_priority":"","_sitemap_frequency":"","site-sidebar-layout":"default","site-content-layout":"default","ast-global-header-display":"","ast-main-header-display":"","ast-hfb-above-header-display":"","ast-hfb-below-header-display":"","ast-hfb-mobile-header-display":"","site-post-title":"","ast-breadcrumbs-content":"","ast-featured-img":"","footer-sml-layout":"","theme-transparent-header-meta":"","adv-header-id-meta":"","stick-header-meta":"","header-above-stick-meta":"","header-main-stick-meta":"","header-below-stick-meta":"","footnotes":""},"class_list":["post-2396","page","type-page","status-publish","hentry"],"yoast_head":"<!-- This site is optimized with the Yoast SEO plugin v27.2 - https:\/\/yoast.com\/product\/yoast-seo-wordpress\/ -->\n<title>Datenschutzbestimmungen - SesameParaguay.com<\/title>\n<meta name=\"robots\" content=\"index, follow, max-snippet:-1, max-image-preview:large, max-video-preview:-1\" \/>\n<link rel=\"canonical\" href=\"https:\/\/sesameparaguay.com\/de\/datenschutzbestimmungen\/\" \/>\n<meta property=\"og:locale\" content=\"de_DE\" \/>\n<meta property=\"og:type\" content=\"article\" \/>\n<meta property=\"og:title\" content=\"Datenschutzbestimmungen - SesameParaguay.com\" \/>\n<meta property=\"og:description\" content=\"Zuletzt aktualisiert: 6\/5\/2023 Wir von ChiaParaguay.com verpflichten uns, Ihre Privatsph\u00e4re zu sch\u00fctzen. In dieser Datenschutzrichtlinie wird erl\u00e4utert, wie wir Ihre pers\u00f6nlichen Daten erfassen, verwenden und sch\u00fctzen, wenn Sie unsere Website https:\/\/sesameparaguay.com (die &#8222;Website&#8220;) besuchen. Durch die Nutzung unserer Website erkl\u00e4ren Sie sich mit den in dieser Datenschutzrichtlinie beschriebenen Datenpraktiken einverstanden. Wenn Sie mit den Bedingungen &hellip; Datenschutzbestimmungen Read More \u00bb\" \/>\n<meta property=\"og:url\" content=\"https:\/\/sesameparaguay.com\/de\/datenschutzbestimmungen\/\" \/>\n<meta property=\"og:site_name\" content=\"SesameParaguay.com\" \/>\n<meta property=\"article:publisher\" content=\"https:\/\/www.facebook.com\/quebrachoexport\" \/>\n<meta property=\"article:modified_time\" content=\"2023-11-28T22:25:49+00:00\" \/>\n<meta name=\"twitter:card\" content=\"summary_large_image\" \/>\n<meta name=\"twitter:label1\" content=\"Gesch\u00e4tzte Lesezeit\" \/>\n\t<meta name=\"twitter:data1\" content=\"3\u00a0Minuten\" \/>\n<script type=\"application\/ld+json\" class=\"yoast-schema-graph\">{\"@context\":\"https:\/\/schema.org\",\"@graph\":[{\"@type\":\"WebPage\",\"@id\":\"https:\/\/sesameparaguay.com\/de\/datenschutzbestimmungen\/\",\"url\":\"https:\/\/sesameparaguay.com\/de\/datenschutzbestimmungen\/\",\"name\":\"Datenschutzbestimmungen - SesameParaguay.com\",\"isPartOf\":{\"@id\":\"https:\/\/sesameparaguay.com\/de\/#website\"},\"datePublished\":\"2023-05-02T04:47:54+00:00\",\"dateModified\":\"2023-11-28T22:25:49+00:00\",\"breadcrumb\":{\"@id\":\"https:\/\/sesameparaguay.com\/de\/datenschutzbestimmungen\/#breadcrumb\"},\"inLanguage\":\"de\",\"potentialAction\":[{\"@type\":\"ReadAction\",\"target\":[\"https:\/\/sesameparaguay.com\/de\/datenschutzbestimmungen\/\"]}]},{\"@type\":\"BreadcrumbList\",\"@id\":\"https:\/\/sesameparaguay.com\/de\/datenschutzbestimmungen\/#breadcrumb\",\"itemListElement\":[{\"@type\":\"ListItem\",\"position\":1,\"name\":\"Home\",\"item\":\"https:\/\/sesameparaguay.com\/de\/\"},{\"@type\":\"ListItem\",\"position\":2,\"name\":\"Datenschutzbestimmungen\"}]},{\"@type\":\"WebSite\",\"@id\":\"https:\/\/sesameparaguay.com\/de\/#website\",\"url\":\"https:\/\/sesameparaguay.com\/de\/\",\"name\":\"SesameParaguay.com\",\"description\":\"Superior Sesame Seeds from Paraguay\",\"publisher\":{\"@id\":\"https:\/\/sesameparaguay.com\/de\/#organization\"},\"potentialAction\":[{\"@type\":\"SearchAction\",\"target\":{\"@type\":\"EntryPoint\",\"urlTemplate\":\"https:\/\/sesameparaguay.com\/de\/?s={search_term_string}\"},\"query-input\":{\"@type\":\"PropertyValueSpecification\",\"valueRequired\":true,\"valueName\":\"search_term_string\"}}],\"inLanguage\":\"de\"},{\"@type\":\"Organization\",\"@id\":\"https:\/\/sesameparaguay.com\/de\/#organization\",\"name\":\"SesameParaguay.com\",\"url\":\"https:\/\/sesameparaguay.com\/de\/\",\"logo\":{\"@type\":\"ImageObject\",\"inLanguage\":\"de\",\"@id\":\"https:\/\/sesameparaguay.com\/de\/#\/schema\/logo\/image\/\",\"url\":\"https:\/\/sesameparaguay.com\/wp-content\/uploads\/2024\/06\/cropped-sesame-seeds-paraguay-logo.png\",\"contentUrl\":\"https:\/\/sesameparaguay.com\/wp-content\/uploads\/2024\/06\/cropped-sesame-seeds-paraguay-logo.png\",\"width\":300,\"height\":126,\"caption\":\"SesameParaguay.com\"},\"image\":{\"@id\":\"https:\/\/sesameparaguay.com\/de\/#\/schema\/logo\/image\/\"},\"sameAs\":[\"https:\/\/www.facebook.com\/quebrachoexport\",\"https:\/\/www.linkedin.com\/company\/93223467\"]}]}<\/script>\n<!-- \/ Yoast SEO plugin. -->","yoast_head_json":{"title":"Datenschutzbestimmungen - SesameParaguay.com","robots":{"index":"index","follow":"follow","max-snippet":"max-snippet:-1","max-image-preview":"max-image-preview:large","max-video-preview":"max-video-preview:-1"},"canonical":"https:\/\/sesameparaguay.com\/de\/datenschutzbestimmungen\/","og_locale":"de_DE","og_type":"article","og_title":"Datenschutzbestimmungen - SesameParaguay.com","og_description":"Zuletzt aktualisiert: 6\/5\/2023 Wir von ChiaParaguay.com verpflichten uns, Ihre Privatsph\u00e4re zu sch\u00fctzen. In dieser Datenschutzrichtlinie wird erl\u00e4utert, wie wir Ihre pers\u00f6nlichen Daten erfassen, verwenden und sch\u00fctzen, wenn Sie unsere Website https:\/\/sesameparaguay.com (die &#8222;Website&#8220;) besuchen. Durch die Nutzung unserer Website erkl\u00e4ren Sie sich mit den in dieser Datenschutzrichtlinie beschriebenen Datenpraktiken einverstanden. Wenn Sie mit den Bedingungen &hellip; Datenschutzbestimmungen Read More \u00bb","og_url":"https:\/\/sesameparaguay.com\/de\/datenschutzbestimmungen\/","og_site_name":"SesameParaguay.com","article_publisher":"https:\/\/www.facebook.com\/quebrachoexport","article_modified_time":"2023-11-28T22:25:49+00:00","twitter_card":"summary_large_image","twitter_misc":{"Gesch\u00e4tzte Lesezeit":"3\u00a0Minuten"},"schema":{"@context":"https:\/\/schema.org","@graph":[{"@type":"WebPage","@id":"https:\/\/sesameparaguay.com\/de\/datenschutzbestimmungen\/","url":"https:\/\/sesameparaguay.com\/de\/datenschutzbestimmungen\/","name":"Datenschutzbestimmungen - SesameParaguay.com","isPartOf":{"@id":"https:\/\/sesameparaguay.com\/de\/#website"},"datePublished":"2023-05-02T04:47:54+00:00","dateModified":"2023-11-28T22:25:49+00:00","breadcrumb":{"@id":"https:\/\/sesameparaguay.com\/de\/datenschutzbestimmungen\/#breadcrumb"},"inLanguage":"de","potentialAction":[{"@type":"ReadAction","target":["https:\/\/sesameparaguay.com\/de\/datenschutzbestimmungen\/"]}]},{"@type":"BreadcrumbList","@id":"https:\/\/sesameparaguay.com\/de\/datenschutzbestimmungen\/#breadcrumb","itemListElement":[{"@type":"ListItem","position":1,"name":"Home","item":"https:\/\/sesameparaguay.com\/de\/"},{"@type":"ListItem","position":2,"name":"Datenschutzbestimmungen"}]},{"@type":"WebSite","@id":"https:\/\/sesameparaguay.com\/de\/#website","url":"https:\/\/sesameparaguay.com\/de\/","name":"SesameParaguay.com","description":"Superior Sesame Seeds from Paraguay","publisher":{"@id":"https:\/\/sesameparaguay.com\/de\/#organization"},"potentialAction":[{"@type":"SearchAction","target":{"@type":"EntryPoint","urlTemplate":"https:\/\/sesameparaguay.com\/de\/?s={search_term_string}"},"query-input":{"@type":"PropertyValueSpecification","valueRequired":true,"valueName":"search_term_string"}}],"inLanguage":"de"},{"@type":"Organization","@id":"https:\/\/sesameparaguay.com\/de\/#organization","name":"SesameParaguay.com","url":"https:\/\/sesameparaguay.com\/de\/","logo":{"@type":"ImageObject","inLanguage":"de","@id":"https:\/\/sesameparaguay.com\/de\/#\/schema\/logo\/image\/","url":"https:\/\/sesameparaguay.com\/wp-content\/uploads\/2024\/06\/cropped-sesame-seeds-paraguay-logo.png","contentUrl":"https:\/\/sesameparaguay.com\/wp-content\/uploads\/2024\/06\/cropped-sesame-seeds-paraguay-logo.png","width":300,"height":126,"caption":"SesameParaguay.com"},"image":{"@id":"https:\/\/sesameparaguay.com\/de\/#\/schema\/logo\/image\/"},"sameAs":["https:\/\/www.facebook.com\/quebrachoexport","https:\/\/www.linkedin.com\/company\/93223467"]}]}},"uagb_featured_image_src":{"full":false,"thumbnail":false,"medium":false,"medium_large":false,"large":false,"1536x1536":false,"2048x2048":false},"uagb_author_info":{"display_name":"admin","author_link":"https:\/\/sesameparaguay.com\/de\/author\/admin\/"},"uagb_comment_info":0,"uagb_excerpt":"Zuletzt aktualisiert: 6\/5\/2023 Wir von ChiaParaguay.com verpflichten uns, Ihre Privatsph\u00e4re zu sch\u00fctzen. In dieser Datenschutzrichtlinie wird erl\u00e4utert, wie wir Ihre pers\u00f6nlichen Daten erfassen, verwenden und sch\u00fctzen, wenn Sie unsere Website https:\/\/sesameparaguay.com (die &#8222;Website&#8220;) besuchen. Durch die Nutzung unserer Website erkl\u00e4ren Sie sich mit den in dieser Datenschutzrichtlinie beschriebenen Datenpraktiken einverstanden. Wenn Sie mit den Bedingungen&hellip;","_links":{"self":[{"href":"https:\/\/sesameparaguay.com\/de\/wp-json\/wp\/v2\/pages\/2396","targetHints":{"allow":["GET"]}}],"collection":[{"href":"https:\/\/sesameparaguay.com\/de\/wp-json\/wp\/v2\/pages"}],"about":[{"href":"https:\/\/sesameparaguay.com\/de\/wp-json\/wp\/v2\/types\/page"}],"author":[{"embeddable":true,"href":"https:\/\/sesameparaguay.com\/de\/wp-json\/wp\/v2\/users\/1"}],"replies":[{"embeddable":true,"href":"https:\/\/sesameparaguay.com\/de\/wp-json\/wp\/v2\/comments?post=2396"}],"version-history":[{"count":0,"href":"https:\/\/sesameparaguay.com\/de\/wp-json\/wp\/v2\/pages\/2396\/revisions"}],"wp:attachment":[{"href":"https:\/\/sesameparaguay.com\/de\/wp-json\/wp\/v2\/media?parent=2396"}],"curies":[{"name":"wp","href":"https:\/\/api.w.org\/{rel}","templated":true}]}}